{"id":15883,"date":"2019-07-23T08:51:56","date_gmt":"2019-07-23T08:51:56","guid":{"rendered":"http:\/\/oralhistorykosovo.org\/arastirma\/janjevo-project\/"},"modified":"2019-08-07T16:35:51","modified_gmt":"2019-08-07T16:35:51","slug":"janjevo-project","status":"publish","type":"page","link":"https:\/\/oralhistorykosovo.org\/tr\/arastirma\/janjevo-project\/","title":{"rendered":"Yanyeva Projesi"},"content":{"rendered":"<p style=\"text-align: justify;\"><span style=\"font-weight: 400;\">Yanyeva b\u00f6lgesinin tarihi kur\u015fun ve g\u00fcm\u00fc\u015f rezervleri a\u00e7\u0131s\u0131ndan zengin olan, b\u00f6lgeye ekonomik kalk\u0131nma ve b\u00fcy\u00fcme sa\u011flam\u0131\u015f olan Novo B\u0131rdo ve Kopaonik\u2019in madencilik gelene\u011fi ile ba\u011fl\u0131d\u0131r. Kosova\u2019daki H\u0131rvat toplulu\u011funun tarihi 12. y\u00fczy\u0131la dayan\u0131r. Madenlerin 16.y\u00fczy\u0131ldan itibaren kapal\u0131 olmas\u0131na\u00a0 ra\u011fmen, topluluk Yanyeva\u2019da kalmak i\u00e7in anlam ve mant\u0131kl\u0131 nedenler bulmaya devam etmi\u015ftir. B\u00f6lgesel ticari merkezlere ba\u011fl\u0131 olan Yanyeva\u2019n\u0131n mimarisi Osmanl\u0131 ve Avusturya-Macaristan evlerinin bir kar\u0131\u015f\u0131m\u0131ndan olu\u015fmaktad\u0131r. Farkl\u0131 topluluklarla s\u00f6zl\u00fc tarih g\u00f6r\u00fc\u015fmeleri yaparak Yanyeva b\u00f6lgesinin k\u00fclt\u00fcrel ve ekonomik kimliklerini anlamay\u0131 ve daha yak\u0131ndan tan\u0131may\u0131 ama\u00e7l\u0131yoruz.<\/span><\/p>\n<p style=\"text-align: justify;\">Yanova \u00fczerine yap\u0131lan bu ara\u015ftrma &#8220;Kapsay\u0131c\u0131 K\u00fclt\u00fcrel Miras\u0131n Korunmas\u0131 taraf\u0131ndan Topluluklar Aras\u0131 Diyalogun&#8221; bir par\u00e7as\u0131d\u0131r. Proje\u00a0Avrupa Birli\u011fi \u0130stikrar ve Bar\u0131\u015fa Katk\u0131 Yapan Enstr\u00fcman\u0131 (IcSP) taraf\u0131ndan finanse edilmekte ve Kosova&#8217;da Birle\u015fmi\u015f Milletler Kalk\u0131nma Program\u0131 (UNDP) taraf\u0131ndan uygulanmaktad\u0131r.<\/p>\n","protected":false},"excerpt":{"rendered":"<p>Yanyeva b\u00f6lgesinin tarihi kur\u015fun ve g\u00fcm\u00fc\u015f rezervleri a\u00e7\u0131s\u0131ndan zengin olan, b\u00f6lgeye ekonomik kalk\u0131nma ve b\u00fcy\u00fcme sa\u011flam\u0131\u015f olan Novo B\u0131rdo ve&#8230;<\/p>\n","protected":false},"author":14,"featured_media":0,"parent":13161,"menu_order":0,"comment_status":"closed","ping_status":"closed","template":"page-category.php","meta":{"footnotes":""},"class_list":["post-15883","page","type-page","status-publish","hentry"],"_links":{"self":[{"href":"https:\/\/oralhistorykosovo.org\/tr\/wp-json\/wp\/v2\/pages\/15883","targetHints":{"allow":["GET"]}}],"collection":[{"href":"https:\/\/oralhistorykosovo.org\/tr\/wp-json\/wp\/v2\/pages"}],"about":[{"href":"https:\/\/oralhistorykosovo.org\/tr\/wp-json\/wp\/v2\/types\/page"}],"author":[{"embeddable":true,"href":"https:\/\/oralhistorykosovo.org\/tr\/wp-json\/wp\/v2\/users\/14"}],"replies":[{"embeddable":true,"href":"https:\/\/oralhistorykosovo.org\/tr\/wp-json\/wp\/v2\/comments?post=15883"}],"version-history":[{"count":5,"href":"https:\/\/oralhistorykosovo.org\/tr\/wp-json\/wp\/v2\/pages\/15883\/revisions"}],"predecessor-version":[{"id":15950,"href":"https:\/\/oralhistorykosovo.org\/tr\/wp-json\/wp\/v2\/pages\/15883\/revisions\/15950"}],"up":[{"embeddable":true,"href":"https:\/\/oralhistorykosovo.org\/tr\/wp-json\/wp\/v2\/pages\/13161"}],"wp:attachment":[{"href":"https:\/\/oralhistorykosovo.org\/tr\/wp-json\/wp\/v2\/media?parent=15883"}],"curies":[{"name":"wp","href":"https:\/\/api.w.org\/{rel}","templated":true}]}}