{"id":15224,"date":"2019-03-07T12:50:29","date_gmt":"2019-03-07T12:50:29","guid":{"rendered":"http:\/\/oralhistorykosovo.org\/pristina-walks\/"},"modified":"2019-08-08T09:28:16","modified_gmt":"2019-08-08T09:28:16","slug":"pristina-walks","status":"publish","type":"page","link":"https:\/\/oralhistorykosovo.org\/tr\/arastirma\/pristina-walks\/","title":{"rendered":"Pri\u015ftine Projesi"},"content":{"rendered":"<p>Pri\u015ftine ara\u015ft\u0131rmalar\u0131 k\u00fclt\u00fcr, tarih ve mimarl\u0131\u011fa odaklan\u0131yor. Bu boyutlar ki\u015fisel anlat\u0131lar y\u00f6n\u00fcyle ke\u015fvediliyor ve kamusal s\u00f6ylemi ve yerel tarih anlat\u0131m\u0131n\u0131 demokratikle\u015ftiren \u00e7ok a\u00e7\u0131l\u0131 hikayelerden olu\u015fan bir havuz ortaya \u00e7\u0131kar\u0131yor. Dijital hikaye anlat\u0131m\u0131 yoluyla \u015fehrin \u00e7oklu g\u00f6r\u00fcnt\u00fcs\u00fcn\u00fc su y\u00fcz\u00fcne \u00e7\u0131karmaya ve iki sava\u015f aras\u0131 d\u00f6nemden ba\u015flayarak g\u00fcn\u00fcm\u00fcze kadar devam eden \u015fehirsel ve sosyo ekonomik geli\u015fmelerin \u00e7ok katmanl\u0131 anlay\u0131\u015f\u0131na katk\u0131 sunmay\u0131 ama\u00e7l\u0131yoruz.<\/p>\n<p dir=\"ltr\" style=\"text-align: justify;\">Pri\u015ftine \u00fczerine yap\u0131lan bu ara\u015ftrma &#8220;Kapsay\u0131c\u0131 K\u00fclt\u00fcrel Miras\u0131n Korunmas\u0131 taraf\u0131ndan Topluluklar Aras\u0131 Diyalogun&#8221; bir par\u00e7as\u0131d\u0131r. Proje\u00a0Avrupa Birli\u011fi \u0130stikrar ve Bar\u0131\u015fa Katk\u0131 Yapan Enstr\u00fcman\u0131 (IcSP) taraf\u0131ndan finanse edilmekte ve Kosova&#8217;da Birle\u015fmi\u015f Milletler Kalk\u0131nma Program\u0131 (UNDP) taraf\u0131ndan uygulanmaktad\u0131r.<\/p>\n","protected":false},"excerpt":{"rendered":"<p>Pri\u015ftine ara\u015ft\u0131rmalar\u0131 k\u00fclt\u00fcr, tarih ve mimarl\u0131\u011fa odaklan\u0131yor. Bu boyutlar ki\u015fisel anlat\u0131lar y\u00f6n\u00fcyle ke\u015fvediliyor ve kamusal s\u00f6ylemi ve yerel tarih anlat\u0131m\u0131n\u0131&#8230;<\/p>\n","protected":false},"author":14,"featured_media":0,"parent":13161,"menu_order":0,"comment_status":"closed","ping_status":"closed","template":"page-category.php","meta":{"footnotes":""},"class_list":["post-15224","page","type-page","status-publish","hentry"],"_links":{"self":[{"href":"https:\/\/oralhistorykosovo.org\/tr\/wp-json\/wp\/v2\/pages\/15224","targetHints":{"allow":["GET"]}}],"collection":[{"href":"https:\/\/oralhistorykosovo.org\/tr\/wp-json\/wp\/v2\/pages"}],"about":[{"href":"https:\/\/oralhistorykosovo.org\/tr\/wp-json\/wp\/v2\/types\/page"}],"author":[{"embeddable":true,"href":"https:\/\/oralhistorykosovo.org\/tr\/wp-json\/wp\/v2\/users\/14"}],"replies":[{"embeddable":true,"href":"https:\/\/oralhistorykosovo.org\/tr\/wp-json\/wp\/v2\/comments?post=15224"}],"version-history":[{"count":9,"href":"https:\/\/oralhistorykosovo.org\/tr\/wp-json\/wp\/v2\/pages\/15224\/revisions"}],"predecessor-version":[{"id":15955,"href":"https:\/\/oralhistorykosovo.org\/tr\/wp-json\/wp\/v2\/pages\/15224\/revisions\/15955"}],"up":[{"embeddable":true,"href":"https:\/\/oralhistorykosovo.org\/tr\/wp-json\/wp\/v2\/pages\/13161"}],"wp:attachment":[{"href":"https:\/\/oralhistorykosovo.org\/tr\/wp-json\/wp\/v2\/media?parent=15224"}],"curies":[{"name":"wp","href":"https:\/\/api.w.org\/{rel}","templated":true}]}}