{"id":13653,"date":"2018-04-16T15:37:18","date_gmt":"2018-04-16T15:37:18","guid":{"rendered":"http:\/\/oralhistorykosovo.org\/prizren-urban-memoryscapes\/"},"modified":"2018-10-17T18:56:30","modified_gmt":"2018-10-17T18:56:30","slug":"prizren-urban-memoryscapes","status":"publish","type":"page","link":"https:\/\/oralhistorykosovo.org\/tr\/prizren-urban-memoryscapes\/","title":{"rendered":"Prizren Urban Memoryscapes"},"content":{"rendered":"<p style=\"text-align: justify;\"><span style=\"font-weight: 400;\">Urban Memoryscapes, Lumbardhi Vakf\u0131 ve Kosova S\u00f6zl\u00fc Tarih Giri\u015fimi i\u015fbirli\u011finde y\u00fcr\u00fct\u00fclen disiplinleraras\u0131 bir projedir. Proje ara\u015ft\u0131rma, ar\u015fivleme ve sergilemeden olu\u015fmakta olup, Prizren \u015fehrinin 20\u2019nci y\u00fczy\u0131l\u0131n ikinci yar\u0131s\u0131n\u0131 kapsayan toplumsal, k\u00fclt\u00fcrel ve iktisadi tarihini konu almaktad\u0131r. <\/span><span style=\"font-weight: 400;\">Bu proje arac\u0131l\u0131\u011f\u0131 ile on kat\u0131l\u0131mc\u0131 ge\u00e7mi\u015fi belgeleme teknikleri \u00f6\u011frenip, birikmi\u015f bilgi ile interaktif bir bi\u00e7imde \u00e7al\u0131\u015farak bir dijital ar\u015fiv, \u00e7evrimi\u00e7i ve fiziki sergi ile bir yay\u0131n haz\u0131rlayacak ve en \u00f6nemlisi topluluklar\u0131 hakk\u0131nda bilgi \u00fcretip, Prizren \u015fehri ve sakinlerinin k\u00fclt\u00fcrel ve kentsel kimli\u011fini \u015fekillendirmi\u015f \u00f6nemli bir d\u00f6nem hakk\u0131nda bir \u00f6\u011frenme s\u00fcrecine dahil olacaklar. <\/span><span style=\"font-weight: 400;\"><br \/>\n<\/span><span style=\"font-weight: 400;\"><br \/>\n<\/span><span style=\"font-weight: 400;\">Bu proje <a href=\"https:\/\/www.institutfrancais.de\/kultur\/gesellschaft-digitales\/der-deutsch-franzoesische-kulturfonds\">Frans\u0131z-Alman K\u00fclt\u00fcr Fonu<\/a>, <a href=\"https:\/\/kosovo.ambafrance.org\/\">Frans\u0131z B\u00fcy\u00fckel\u00e7ili\u011fi<\/a> ve <a href=\"https:\/\/pristina.diplo.de\/\">Alman B\u00fcy\u00fckel\u00e7ili\u011fi<\/a> deste\u011fi ile ger\u00e7ekle\u015fmi\u015ftir. <\/span><\/p>\n","protected":false},"excerpt":{"rendered":"<p>Urban Memoryscapes, Lumbardhi Vakf\u0131 ve Kosova S\u00f6zl\u00fc Tarih Giri\u015fimi i\u015fbirli\u011finde y\u00fcr\u00fct\u00fclen disiplinleraras\u0131 bir projedir. Proje ara\u015ft\u0131rma, ar\u015fivleme ve sergilemeden olu\u015fmakta&#8230;<\/p>\n","protected":false},"author":14,"featured_media":0,"parent":0,"menu_order":0,"comment_status":"closed","ping_status":"closed","template":"page-category.php","meta":{"footnotes":""},"class_list":["post-13653","page","type-page","status-publish","hentry"],"_links":{"self":[{"href":"https:\/\/oralhistorykosovo.org\/tr\/wp-json\/wp\/v2\/pages\/13653","targetHints":{"allow":["GET"]}}],"collection":[{"href":"https:\/\/oralhistorykosovo.org\/tr\/wp-json\/wp\/v2\/pages"}],"about":[{"href":"https:\/\/oralhistorykosovo.org\/tr\/wp-json\/wp\/v2\/types\/page"}],"author":[{"embeddable":true,"href":"https:\/\/oralhistorykosovo.org\/tr\/wp-json\/wp\/v2\/users\/14"}],"replies":[{"embeddable":true,"href":"https:\/\/oralhistorykosovo.org\/tr\/wp-json\/wp\/v2\/comments?post=13653"}],"version-history":[{"count":10,"href":"https:\/\/oralhistorykosovo.org\/tr\/wp-json\/wp\/v2\/pages\/13653\/revisions"}],"predecessor-version":[{"id":14763,"href":"https:\/\/oralhistorykosovo.org\/tr\/wp-json\/wp\/v2\/pages\/13653\/revisions\/14763"}],"wp:attachment":[{"href":"https:\/\/oralhistorykosovo.org\/tr\/wp-json\/wp\/v2\/media?parent=13653"}],"curies":[{"name":"wp","href":"https:\/\/api.w.org\/{rel}","templated":true}]}}