{"id":13159,"date":"2018-03-12T13:10:05","date_gmt":"2018-03-12T13:10:05","guid":{"rendered":"http:\/\/oralhistorykosovo.org\/?page_id=13159"},"modified":"2018-08-08T23:00:06","modified_gmt":"2018-08-08T23:00:06","slug":"kosova-sanatcilari-ve-yazarlari","status":"publish","type":"page","link":"https:\/\/oralhistorykosovo.org\/tr\/arastirma\/kosova-sanatcilari-ve-yazarlari\/","title":{"rendered":"KOSOVA\u2019LI SANAT\u00c7I VE YAZARLAR"},"content":{"rendered":"<p style=\"text-align: justify;\"><span style=\"font-weight: 400;\">Kosova\u2019n\u0131n yarat\u0131c\u0131 sanat\u00e7\u0131lar\u0131 \u00e7er\u00e7evesinde yap\u0131lan bu ara\u015ft\u0131rma, edebiyat, g\u00f6r\u00fcnt\u00fcl\u00fc sanat, sinema ve tiyatro dallar\u0131n\u0131n \u00f6nemli ki\u015filiklerinin hayat hikayelerini bir araya getirmeyi ama\u00e7l\u0131yor. Verilen ifadeler, dilsel yak\u0131nsakl\u0131k ve farkl\u0131l\u0131klar\u0131n iki arada bir derede kalm\u0131\u015fl\u0131\u011f\u0131n\u0131 \u00f6n plana \u00e7\u0131kar\u0131yor ve bu da farkl\u0131 nesillerden gelen sanat\u00e7\u0131lar\u0131n, toplumsal sahnede bulunabilmek i\u00e7in verdikleri m\u00fccadeleye emsalsiz bir \u0131\u015f\u0131k tutuyor. <\/span><\/p>\n","protected":false},"excerpt":{"rendered":"<p>Kosova\u2019n\u0131n yarat\u0131c\u0131 sanat\u00e7\u0131lar\u0131 \u00e7er\u00e7evesinde yap\u0131lan bu ara\u015ft\u0131rma, edebiyat, g\u00f6r\u00fcnt\u00fcl\u00fc sanat, sinema ve tiyatro dallar\u0131n\u0131n \u00f6nemli ki\u015filiklerinin hayat hikayelerini bir araya&#8230;<\/p>\n","protected":false},"author":14,"featured_media":0,"parent":13161,"menu_order":0,"comment_status":"closed","ping_status":"closed","template":"page-category.php","meta":{"footnotes":""},"class_list":["post-13159","page","type-page","status-publish","hentry"],"_links":{"self":[{"href":"https:\/\/oralhistorykosovo.org\/tr\/wp-json\/wp\/v2\/pages\/13159","targetHints":{"allow":["GET"]}}],"collection":[{"href":"https:\/\/oralhistorykosovo.org\/tr\/wp-json\/wp\/v2\/pages"}],"about":[{"href":"https:\/\/oralhistorykosovo.org\/tr\/wp-json\/wp\/v2\/types\/page"}],"author":[{"embeddable":true,"href":"https:\/\/oralhistorykosovo.org\/tr\/wp-json\/wp\/v2\/users\/14"}],"replies":[{"embeddable":true,"href":"https:\/\/oralhistorykosovo.org\/tr\/wp-json\/wp\/v2\/comments?post=13159"}],"version-history":[{"count":2,"href":"https:\/\/oralhistorykosovo.org\/tr\/wp-json\/wp\/v2\/pages\/13159\/revisions"}],"predecessor-version":[{"id":14371,"href":"https:\/\/oralhistorykosovo.org\/tr\/wp-json\/wp\/v2\/pages\/13159\/revisions\/14371"}],"up":[{"embeddable":true,"href":"https:\/\/oralhistorykosovo.org\/tr\/wp-json\/wp\/v2\/pages\/13161"}],"wp:attachment":[{"href":"https:\/\/oralhistorykosovo.org\/tr\/wp-json\/wp\/v2\/media?parent=13159"}],"curies":[{"name":"wp","href":"https:\/\/api.w.org\/{rel}","templated":true}]}}