{"id":13154,"date":"2018-03-12T13:02:23","date_gmt":"2018-03-12T13:02:23","guid":{"rendered":"http:\/\/oralhistorykosovo.org\/?page_id=13154"},"modified":"2018-08-08T22:59:00","modified_gmt":"2018-08-08T22:59:00","slug":"kadin-aktivizmi","status":"publish","type":"page","link":"https:\/\/oralhistorykosovo.org\/tr\/arastirma\/kadin-aktivizmi\/","title":{"rendered":"KADIN AKTIVIZMI"},"content":{"rendered":"<p style=\"text-align: justify;\"><span style=\"font-weight: 400;\">Kad\u0131n Aktivizminin S\u00f6zl\u00fc Tarihi, ebediyen marjinalle\u015ftirilen ve hatta unutulan kad\u0131n \u00f6znelli\u011finin tarihine, g\u00f6r\u00fclebilirlik ve kal\u0131c\u0131l\u0131k sa\u011flayan \u00a0benzersiz bir alan sunuyor. \u0130kinci D\u00fcnya Sava\u015f\u0131 s\u0131ras\u0131nda i\u015fgalcilere kar\u015f\u0131 protesto yapan, ba\u015f \u00f6rt\u00fcs\u00fcn\u00fcn kald\u0131r\u0131lmas\u0131 i\u00e7in kampanya y\u00fcr\u00fcten, k\u0131zlar\u0131n okur-yazarl\u0131\u011f\u0131n\u0131n artmas\u0131 i\u00e7in \u00e7abalayan, milliyet\u00e7i hareketlere kat\u0131lan, Milo\u0161evi\u0107\u2019e kar\u015f\u0131 direnen ve etnik farkl\u0131l\u0131klar \u00e7apraz\u0131nda kad\u0131n haklar\u0131 i\u00e7in sava\u015fan kad\u0131nlar, d\u00f6nemin tarihsel olaylar\u0131 ile kesi\u015fen hayat dolu ve \u00e7arp\u0131c\u0131 ki\u015fisel hikayelerini anlat\u0131yorlar. <\/span><\/p>\n","protected":false},"excerpt":{"rendered":"<p>Kad\u0131n Aktivizminin S\u00f6zl\u00fc Tarihi, ebediyen marjinalle\u015ftirilen ve hatta unutulan kad\u0131n \u00f6znelli\u011finin tarihine, g\u00f6r\u00fclebilirlik ve kal\u0131c\u0131l\u0131k sa\u011flayan \u00a0benzersiz bir alan sunuyor&#8230;.<\/p>\n","protected":false},"author":14,"featured_media":0,"parent":13161,"menu_order":0,"comment_status":"closed","ping_status":"closed","template":"page-category.php","meta":{"footnotes":""},"class_list":["post-13154","page","type-page","status-publish","hentry"],"_links":{"self":[{"href":"https:\/\/oralhistorykosovo.org\/tr\/wp-json\/wp\/v2\/pages\/13154","targetHints":{"allow":["GET"]}}],"collection":[{"href":"https:\/\/oralhistorykosovo.org\/tr\/wp-json\/wp\/v2\/pages"}],"about":[{"href":"https:\/\/oralhistorykosovo.org\/tr\/wp-json\/wp\/v2\/types\/page"}],"author":[{"embeddable":true,"href":"https:\/\/oralhistorykosovo.org\/tr\/wp-json\/wp\/v2\/users\/14"}],"replies":[{"embeddable":true,"href":"https:\/\/oralhistorykosovo.org\/tr\/wp-json\/wp\/v2\/comments?post=13154"}],"version-history":[{"count":3,"href":"https:\/\/oralhistorykosovo.org\/tr\/wp-json\/wp\/v2\/pages\/13154\/revisions"}],"predecessor-version":[{"id":14370,"href":"https:\/\/oralhistorykosovo.org\/tr\/wp-json\/wp\/v2\/pages\/13154\/revisions\/14370"}],"up":[{"embeddable":true,"href":"https:\/\/oralhistorykosovo.org\/tr\/wp-json\/wp\/v2\/pages\/13161"}],"wp:attachment":[{"href":"https:\/\/oralhistorykosovo.org\/tr\/wp-json\/wp\/v2\/media?parent=13154"}],"curies":[{"name":"wp","href":"https:\/\/api.w.org\/{rel}","templated":true}]}}