{"id":13148,"date":"2018-03-12T12:57:41","date_gmt":"2018-03-12T12:57:41","guid":{"rendered":"http:\/\/oralhistorykosovo.org\/?page_id=13148"},"modified":"2018-08-08T23:01:00","modified_gmt":"2018-08-08T23:01:00","slug":"post-pesimistler","status":"publish","type":"page","link":"https:\/\/oralhistorykosovo.org\/tr\/arastirma\/post-pesimistler\/","title":{"rendered":"POS-PES\u0130M\u0130STLER"},"content":{"rendered":"<p style=\"text-align: justify;\"><span style=\"font-weight: 400;\">Bu ara\u015ft\u0131rma \u00fczerinden, S\u00f6zl\u00fc Tarih \u0130nisiyatifi, <\/span><i><span style=\"font-weight: 400;\">PostPesimist\u00ebt <\/span><\/i><span style=\"font-weight: 400;\">[Post-Pesimistler] olarak bilinen ve 1995 ile 2003 y\u0131llar\u0131 aras\u0131nda faaliyet g\u00f6stermi\u015f k\u00fclt\u00fcrel gen\u00e7lik grubunun \u00e7al\u0131\u015fmalar\u0131n\u0131 belgeleyecek. Bu topluluk Norve\u00e7li bir \u00f6rg\u00fct taraf\u0131ndan finanse edildi ve ayn\u0131 adla Bosna\u2019da, S\u0131rbistan\u2019da ve H\u0131rvatistan\u2019da faaliyet g\u00f6steren daha geni\u015f bir a\u011f\u0131n par\u00e7as\u0131yd\u0131. Kosova Post-Pesimistleri a\u011f\u0131rl\u0131kl\u0131 olarak \u00a0Xhevdet Doda lisesinden \u00f6\u011frencileri bir araya getiriyordu. Milo\u0161evi\u0107 rejimi s\u0131ras\u0131nda, \u00e7o\u011fu Arnavut genci, paralel e\u011fitim sistemi olarak da adland\u0131r\u0131lan evlerde e\u011fitim g\u00f6rmeye mahkumken, bu lisedeki \u00f6\u011frenciler derslere kat\u0131labilmekteydi. Post-Pesimistler, gen\u00e7ler i\u00e7in k\u00fclt\u00fcrel etkinliklerin yan\u0131 s\u0131ra, foto\u011fraf\u00e7\u0131l\u0131k ve gazetecilik \u00e7al\u0131\u015ftaylar\u0131 da d\u00fczenlediler. Ancak bu kurumun as\u0131l faaliyeti, ayn\u0131 adla bir dergi yay\u0131nlayarak gen\u00e7lerin aras\u0131nda da\u011f\u0131tmak oldu. Post-Pesimist dergisi daha sonradan haftal\u0131k gazete olan <\/span><i><span style=\"font-weight: 400;\">Koha Javore<\/span><\/i><span style=\"font-weight: 400;\">\u2019nin bir eki haline geldi. \u00a0<\/span><\/p>\n","protected":false},"excerpt":{"rendered":"<p>Bu ara\u015ft\u0131rma \u00fczerinden, S\u00f6zl\u00fc Tarih \u0130nisiyatifi, PostPesimist\u00ebt [Post-Pesimistler] olarak bilinen ve 1995 ile 2003 y\u0131llar\u0131 aras\u0131nda faaliyet g\u00f6stermi\u015f k\u00fclt\u00fcrel gen\u00e7lik&#8230;<\/p>\n","protected":false},"author":14,"featured_media":0,"parent":13161,"menu_order":0,"comment_status":"closed","ping_status":"closed","template":"page-category.php","meta":{"footnotes":""},"class_list":["post-13148","page","type-page","status-publish","hentry"],"_links":{"self":[{"href":"https:\/\/oralhistorykosovo.org\/tr\/wp-json\/wp\/v2\/pages\/13148","targetHints":{"allow":["GET"]}}],"collection":[{"href":"https:\/\/oralhistorykosovo.org\/tr\/wp-json\/wp\/v2\/pages"}],"about":[{"href":"https:\/\/oralhistorykosovo.org\/tr\/wp-json\/wp\/v2\/types\/page"}],"author":[{"embeddable":true,"href":"https:\/\/oralhistorykosovo.org\/tr\/wp-json\/wp\/v2\/users\/14"}],"replies":[{"embeddable":true,"href":"https:\/\/oralhistorykosovo.org\/tr\/wp-json\/wp\/v2\/comments?post=13148"}],"version-history":[{"count":2,"href":"https:\/\/oralhistorykosovo.org\/tr\/wp-json\/wp\/v2\/pages\/13148\/revisions"}],"predecessor-version":[{"id":14372,"href":"https:\/\/oralhistorykosovo.org\/tr\/wp-json\/wp\/v2\/pages\/13148\/revisions\/14372"}],"up":[{"embeddable":true,"href":"https:\/\/oralhistorykosovo.org\/tr\/wp-json\/wp\/v2\/pages\/13161"}],"wp:attachment":[{"href":"https:\/\/oralhistorykosovo.org\/tr\/wp-json\/wp\/v2\/media?parent=13148"}],"curies":[{"name":"wp","href":"https:\/\/api.w.org\/{rel}","templated":true}]}}