{"id":13142,"date":"2017-10-10T19:29:00","date_gmt":"2017-10-10T19:29:00","guid":{"rendered":"http:\/\/oralhistorykosovo.org\/the-strangers\/"},"modified":"2018-08-08T22:57:30","modified_gmt":"2018-08-08T22:57:30","slug":"the-strangers","status":"publish","type":"page","link":"https:\/\/oralhistorykosovo.org\/tr\/arastirma\/the-strangers\/","title":{"rendered":"\u201cYABANCILAR\u201d"},"content":{"rendered":"<p style=\"text-align: justify;\"><span style=\"font-weight: 400;\">\u201cBug\u00fcn gelen ve yar\u0131n kalan\u201d, potansiyel gezici, \u201cgitmedi\u011fi yer kalmasa bile, gitmek ve gelmenin \u00f6zg\u00fcrl\u00fc\u011f\u00fcn\u00fc ge\u00e7emeyen\u201d olarak ta\u0131mlad\u0131\u011f\u0131, Georg Simmel\u2019in \u201cyabanc\u0131\u201d kavram\u0131n\u0131, Kosova\u2019ya \u00f6zellikle 1999 sonras\u0131 gelen ve Kosova\u2019da uzun s\u00fcre ya\u015fayan ya da hala ya\u015famakta olan, di\u011fer \u00fclke yerilerini daha iyi tan\u0131mlamak i\u00e7in kulland\u0131k. Onlar uluslararas\u0131 \u00f6rg\u00fct \u00e7al\u0131\u015fanlar\u0131, sivil-toplum \u00f6rg\u00fct\u00fc \u00e7al\u0131\u015fanlar\u0131, i\u015f adamlar\u0131 ve kad\u0131nlar\u0131, gazeteciler, \u00f6\u011fretmenler v.b. Onlar yayg\u0131nl\u0131kla \u201culuslararas\u0131 insanlar\u201d olarak biliniyor. Onlar sadece ecnebi de\u011filler, Kosova\u2019n\u0131n bir par\u00e7as\u0131 haline gelmi\u015fler: yerel hayata, farkl\u0131 alanlarda ve \u00e7e\u015fitli iktidar pozisyonlar\u0131nda kat\u0131l\u0131yorlar, ayn\u0131 zamanda Kosova\u2019l\u0131lar ile birlikte, k\u00fclt\u00fcrel, sosyal ve siyasi olan bu \u00a0ulus\u00f6tesi alan\u0131n ortak yarat\u0131c\u0131lar\u0131. Kosova toplumuna \u00fcyelikleri hem d\u0131\u015far\u0131da olmak olan hem de y\u00fczle\u015fmek olan, Simmel\u2019in s\u00f6zleri ile \u201ci\u00e7erideki d\u00fc\u015fmanlar\u201da benzemiyor de\u011filler. Onlar\u0131n hayat hikayelerini toplayarak, karma\u015f\u0131k bir vaziyet olan \u201cd\u0131\u015far\u0131daki\/i\u00e7erideki\u201d mevkilerinin anlamlar\u0131na ve bu ayr\u0131m\u0131 neyin yap\u0131land\u0131rd\u0131\u011f\u0131na \u0131\u015f\u0131k tutmay\u0131 ama\u00e7l\u0131yoruz. <\/span><\/p>\n","protected":false},"excerpt":{"rendered":"<p>\u201cBug\u00fcn gelen ve yar\u0131n kalan\u201d, potansiyel gezici, \u201cgitmedi\u011fi yer kalmasa bile, gitmek ve gelmenin \u00f6zg\u00fcrl\u00fc\u011f\u00fcn\u00fc ge\u00e7emeyen\u201d olarak ta\u0131mlad\u0131\u011f\u0131, Georg Simmel\u2019in&#8230;<\/p>\n","protected":false},"author":14,"featured_media":0,"parent":13161,"menu_order":0,"comment_status":"closed","ping_status":"closed","template":"page-category.php","meta":{"footnotes":""},"class_list":["post-13142","page","type-page","status-publish","hentry"],"_links":{"self":[{"href":"https:\/\/oralhistorykosovo.org\/tr\/wp-json\/wp\/v2\/pages\/13142","targetHints":{"allow":["GET"]}}],"collection":[{"href":"https:\/\/oralhistorykosovo.org\/tr\/wp-json\/wp\/v2\/pages"}],"about":[{"href":"https:\/\/oralhistorykosovo.org\/tr\/wp-json\/wp\/v2\/types\/page"}],"author":[{"embeddable":true,"href":"https:\/\/oralhistorykosovo.org\/tr\/wp-json\/wp\/v2\/users\/14"}],"replies":[{"embeddable":true,"href":"https:\/\/oralhistorykosovo.org\/tr\/wp-json\/wp\/v2\/comments?post=13142"}],"version-history":[{"count":2,"href":"https:\/\/oralhistorykosovo.org\/tr\/wp-json\/wp\/v2\/pages\/13142\/revisions"}],"predecessor-version":[{"id":14368,"href":"https:\/\/oralhistorykosovo.org\/tr\/wp-json\/wp\/v2\/pages\/13142\/revisions\/14368"}],"up":[{"embeddable":true,"href":"https:\/\/oralhistorykosovo.org\/tr\/wp-json\/wp\/v2\/pages\/13161"}],"wp:attachment":[{"href":"https:\/\/oralhistorykosovo.org\/tr\/wp-json\/wp\/v2\/media?parent=13142"}],"curies":[{"name":"wp","href":"https:\/\/api.w.org\/{rel}","templated":true}]}}