{"id":13096,"date":"2018-03-12T09:03:32","date_gmt":"2018-03-12T09:03:32","guid":{"rendered":"http:\/\/oralhistorykosovo.org\/?page_id=13096"},"modified":"2018-08-08T22:56:21","modified_gmt":"2018-08-08T22:56:21","slug":"ikinci-dunya-savasi","status":"publish","type":"page","link":"https:\/\/oralhistorykosovo.org\/tr\/arastirma\/ikinci-dunya-savasi\/","title":{"rendered":"\u0130K\u0130NC\u0130 D\u00dcNYA SAVA\u015eI"},"content":{"rendered":"<p style=\"text-align: justify;\"><span style=\"font-weight: 400;\">Kosova\u2019da \u0130kinci D\u00fcnya Sava\u015f\u0131 \u00fczerine yap\u0131lan bu ara\u015ft\u0131rma, sava\u015fa ait olan ger\u00e7ekli\u011fin tekilli\u011fi iddias\u0131na; ya da ister Arnavutlar, ister S\u0131rplar, ister milliyet\u00e7iler veya sosyalistler olsun, tek bir grubun ger\u00e7ekli\u011fe sahip oldu\u011fu iddias\u0131na meydan okuyor. M\u00fcmk\u00fcn oldu\u011funca sava\u015f jenerasyonu ile veya hat\u0131ra-sonras\u0131 ifadeler sunan bu neslin altsoyu ile yapt\u0131\u011f\u0131m\u0131z s\u00f6zl\u00fc tarih s\u00f6yle\u015fileri \u00fczerinden her hikayeyi duymaya angaje olduk. Bu hikayelere devlet, ulus ya da siyasi gruplar\u0131n olu\u015fturduklar\u0131 resmi ger\u00e7ekliklerin radar\u0131n\u0131n alt\u0131nda kalanlar da dahil. <\/span><\/p>\n","protected":false},"excerpt":{"rendered":"<p>Kosova\u2019da \u0130kinci D\u00fcnya Sava\u015f\u0131 \u00fczerine yap\u0131lan bu ara\u015ft\u0131rma, sava\u015fa ait olan ger\u00e7ekli\u011fin tekilli\u011fi iddias\u0131na; ya da ister Arnavutlar, ister S\u0131rplar,&#8230;<\/p>\n","protected":false},"author":14,"featured_media":0,"parent":13161,"menu_order":0,"comment_status":"closed","ping_status":"closed","template":"page-category.php","meta":{"footnotes":""},"class_list":["post-13096","page","type-page","status-publish","hentry"],"_links":{"self":[{"href":"https:\/\/oralhistorykosovo.org\/tr\/wp-json\/wp\/v2\/pages\/13096","targetHints":{"allow":["GET"]}}],"collection":[{"href":"https:\/\/oralhistorykosovo.org\/tr\/wp-json\/wp\/v2\/pages"}],"about":[{"href":"https:\/\/oralhistorykosovo.org\/tr\/wp-json\/wp\/v2\/types\/page"}],"author":[{"embeddable":true,"href":"https:\/\/oralhistorykosovo.org\/tr\/wp-json\/wp\/v2\/users\/14"}],"replies":[{"embeddable":true,"href":"https:\/\/oralhistorykosovo.org\/tr\/wp-json\/wp\/v2\/comments?post=13096"}],"version-history":[{"count":3,"href":"https:\/\/oralhistorykosovo.org\/tr\/wp-json\/wp\/v2\/pages\/13096\/revisions"}],"predecessor-version":[{"id":14367,"href":"https:\/\/oralhistorykosovo.org\/tr\/wp-json\/wp\/v2\/pages\/13096\/revisions\/14367"}],"up":[{"embeddable":true,"href":"https:\/\/oralhistorykosovo.org\/tr\/wp-json\/wp\/v2\/pages\/13161"}],"wp:attachment":[{"href":"https:\/\/oralhistorykosovo.org\/tr\/wp-json\/wp\/v2\/media?parent=13096"}],"curies":[{"name":"wp","href":"https:\/\/api.w.org\/{rel}","templated":true}]}}