{"id":13094,"date":"2016-04-05T10:06:11","date_gmt":"2016-04-05T10:06:11","guid":{"rendered":"http:\/\/oralhistorykosovo.org\/blood-feuds-reconciliations\/"},"modified":"2018-11-19T13:24:03","modified_gmt":"2018-11-19T13:24:03","slug":"blood-feuds-reconciliations","status":"publish","type":"page","link":"https:\/\/oralhistorykosovo.org\/tr\/arastirma\/blood-feuds-reconciliations\/","title":{"rendered":"KAN DAVALARI VE BARI\u015eMA"},"content":{"rendered":"<p style=\"text-align: justify;\"><span style=\"font-weight: 400;\">Kan Davalar\u0131 ve Bar\u0131\u015fma Kampanyas\u0131 konusundaki ara\u015ft\u0131rma, \u00a0bask\u0131c\u0131 Milo\u0161evi\u0107 rejiminin ilk y\u0131llar\u0131 olan 1990-91 y\u0131llar\u0131 aras\u0131nda, Kosova\u2019da geli\u015fen bu e\u015fsiz deneyimi kaydetmeye adanm\u0131\u015ft\u0131r. Bu olu\u015fumun \u00f6nderleri ile &#8211; gen\u00e7 siyasi mahkumlarla, farkl\u0131 dinlerin ruhban s\u0131n\u0131f\u0131yla, yazarlar ve akademisyenlerle- yapt\u0131\u011f\u0131m\u0131z s\u00f6zl\u00fc tarih s\u00f6yle\u015fileri \u00fczerinden, bu kampanya s\u0131ras\u0131nda ve sonras\u0131nda verilen ifadelerdeki farkl\u0131 ve zaman zaman birbiri ile uyu\u015fmazl\u0131klar olu\u015fturan \u00a0yorumlara ses verebilecek bir ar\u015fiv olu\u015fturma amac\u0131m\u0131z var. <\/span><\/p>\n","protected":false},"excerpt":{"rendered":"<p>Kan Davalar\u0131 ve Bar\u0131\u015fma Kampanyas\u0131 konusundaki ara\u015ft\u0131rma, \u00a0bask\u0131c\u0131 Milo\u0161evi\u0107 rejiminin ilk y\u0131llar\u0131 olan 1990-91 y\u0131llar\u0131 aras\u0131nda, Kosova\u2019da geli\u015fen bu e\u015fsiz&#8230;<\/p>\n","protected":false},"author":7,"featured_media":0,"parent":13161,"menu_order":0,"comment_status":"closed","ping_status":"closed","template":"page-category.php","meta":{"footnotes":""},"class_list":["post-13094","page","type-page","status-publish","hentry"],"_links":{"self":[{"href":"https:\/\/oralhistorykosovo.org\/tr\/wp-json\/wp\/v2\/pages\/13094","targetHints":{"allow":["GET"]}}],"collection":[{"href":"https:\/\/oralhistorykosovo.org\/tr\/wp-json\/wp\/v2\/pages"}],"about":[{"href":"https:\/\/oralhistorykosovo.org\/tr\/wp-json\/wp\/v2\/types\/page"}],"author":[{"embeddable":true,"href":"https:\/\/oralhistorykosovo.org\/tr\/wp-json\/wp\/v2\/users\/7"}],"replies":[{"embeddable":true,"href":"https:\/\/oralhistorykosovo.org\/tr\/wp-json\/wp\/v2\/comments?post=13094"}],"version-history":[{"count":3,"href":"https:\/\/oralhistorykosovo.org\/tr\/wp-json\/wp\/v2\/pages\/13094\/revisions"}],"predecessor-version":[{"id":14883,"href":"https:\/\/oralhistorykosovo.org\/tr\/wp-json\/wp\/v2\/pages\/13094\/revisions\/14883"}],"up":[{"embeddable":true,"href":"https:\/\/oralhistorykosovo.org\/tr\/wp-json\/wp\/v2\/pages\/13161"}],"wp:attachment":[{"href":"https:\/\/oralhistorykosovo.org\/tr\/wp-json\/wp\/v2\/media?parent=13094"}],"curies":[{"name":"wp","href":"https:\/\/api.w.org\/{rel}","templated":true}]}}