{"id":13092,"date":"2018-02-12T15:59:38","date_gmt":"2018-02-12T15:59:38","guid":{"rendered":"http:\/\/oralhistorykosovo.org\/independence-day\/"},"modified":"2018-08-08T23:01:52","modified_gmt":"2018-08-08T23:01:52","slug":"independence-day","status":"publish","type":"page","link":"https:\/\/oralhistorykosovo.org\/tr\/independence-day\/","title":{"rendered":"BA\u011eIMSIZLIK G\u00dcN\u00dc"},"content":{"rendered":"<p style=\"text-align: justify;\"><span style=\"font-weight: 400;\">Geni\u015f bir yelpazeye yay\u0131lan \u00a0arka planlardan gelen, farkl\u0131 toplumsal cinsiyetlerden ve \u00e7e\u015fitli ya\u015flarda olan 15 ki\u015fi ile, Ba\u011f\u0131ms\u0131zl\u0131k G\u00fcn\u00fc\u2019n\u00fc nas\u0131l hat\u0131rlad\u0131klar\u0131 konusunu konu\u015ftuk. Baz\u0131lar\u0131 o g\u00fcn\u00fc dondurucu so\u011fuklarda bile kutlaman\u0131n verdi\u011fi sevinci ve bu duygunun ger\u00e7ek d\u0131\u015f\u0131l\u0131\u011f\u0131n\u0131 hat\u0131rlarken; di\u011ferleri Arnavut olmad\u0131klar\u0131ndan \u00f6t\u00fcr\u00fc topluluklar\u0131n\u0131n ba\u015flar\u0131na gelebilecek \u015feylerin belirsizli\u011finden \u00f6t\u00fcr\u00fc kayg\u0131 duyduklar\u0131 anlar\u0131 aktard\u0131lar. Ba\u011f\u0131ms\u0131zl\u0131\u011f\u0131n el yakan maliyeti olan insan hayat\u0131n\u0131 akla getiren \u00e7o\u011fu ki\u015fi, hem ne\u015fe hem de h\u00fcz\u00fcn dolu, karma\u015f\u0131k duygularla kar\u015f\u0131m\u0131za \u00e7\u0131kt\u0131lar. Bir ba\u015fkas\u0131 ise, Kosova\u2019n\u0131n kuzeyinin de facto olarak ayr\u0131 bulunmas\u0131ndan \u00f6t\u00fcr\u00fc, o g\u00fcn\u00fc herkezin kutlayamad\u0131\u011f\u0131n\u0131 anlatt\u0131. <\/span><\/p>\n<p style=\"text-align: justify;\"><span style=\"font-weight: 400;\">Bu proje <\/span><span style=\"font-weight: 400;\">\u00a0<\/span><a href=\"http:\/\/prishtinainsight.com\/\"><span style=\"font-weight: 400;\">Prishtina Insight<\/span><\/a><span style=\"font-weight: 400;\"> ve <\/span><a href=\"http:\/\/oralhistorykosovo.org\/\"><span style=\"font-weight: 400;\">S\u00f6zl\u00fc Tarih \u0130nisiyatifi<\/span><\/a><span style=\"font-weight: 400;\">\u2019nin ortak \u00e7al\u0131\u015fmas\u0131d\u0131r.<\/span><\/p>\n","protected":false},"excerpt":{"rendered":"<p>Geni\u015f bir yelpazeye yay\u0131lan \u00a0arka planlardan gelen, farkl\u0131 toplumsal cinsiyetlerden ve \u00e7e\u015fitli ya\u015flarda olan 15 ki\u015fi ile, Ba\u011f\u0131ms\u0131zl\u0131k G\u00fcn\u00fc\u2019n\u00fc nas\u0131l&#8230;<\/p>\n","protected":false},"author":14,"featured_media":0,"parent":0,"menu_order":0,"comment_status":"closed","ping_status":"closed","template":"page-category.php","meta":{"footnotes":""},"class_list":["post-13092","page","type-page","status-publish","hentry"],"_links":{"self":[{"href":"https:\/\/oralhistorykosovo.org\/tr\/wp-json\/wp\/v2\/pages\/13092","targetHints":{"allow":["GET"]}}],"collection":[{"href":"https:\/\/oralhistorykosovo.org\/tr\/wp-json\/wp\/v2\/pages"}],"about":[{"href":"https:\/\/oralhistorykosovo.org\/tr\/wp-json\/wp\/v2\/types\/page"}],"author":[{"embeddable":true,"href":"https:\/\/oralhistorykosovo.org\/tr\/wp-json\/wp\/v2\/users\/14"}],"replies":[{"embeddable":true,"href":"https:\/\/oralhistorykosovo.org\/tr\/wp-json\/wp\/v2\/comments?post=13092"}],"version-history":[{"count":3,"href":"https:\/\/oralhistorykosovo.org\/tr\/wp-json\/wp\/v2\/pages\/13092\/revisions"}],"predecessor-version":[{"id":14373,"href":"https:\/\/oralhistorykosovo.org\/tr\/wp-json\/wp\/v2\/pages\/13092\/revisions\/14373"}],"wp:attachment":[{"href":"https:\/\/oralhistorykosovo.org\/tr\/wp-json\/wp\/v2\/media?parent=13092"}],"curies":[{"name":"wp","href":"https:\/\/api.w.org\/{rel}","templated":true}]}}