{"id":995,"date":"2016-04-05T10:10:07","date_gmt":"2016-04-05T10:10:07","guid":{"rendered":"http:\/\/oralhistorykosovo.org\/sr\/research\/the-second-wold-war\/"},"modified":"2017-11-04T21:12:57","modified_gmt":"2017-11-04T21:12:57","slug":"the-second-wold-war","status":"publish","type":"page","link":"https:\/\/oralhistorykosovo.org\/sr\/research\/the-second-wold-war\/","title":{"rendered":"Drugi svetski rat na Kosovu"},"content":{"rendered":"<p style=\"text-align: justify;\">Cilj istra\u017eivanja o Drugom svetskom ratu na Kosovu je osporavanje ideje da postoji samo jedna istina o istoriji Kosova tokom Drugog svetskog rata ili da jedna grupa, bili oni Albanci ili Srbi, nacionalisti ili socijalisti, svojata pravu istinu. Kroz intervjue usmene istorije sa generacijom koja je do\u017eivela taj rat (uvek kada je to mogu\u0107e) ili\u00a0 uz dokaze njihovih potomaka, mi smo posve\u0107eni prikupljanju svih pri\u010da, uklju\u010duju\u0107i i one o kojima se ne raspravlja tako \u010desto, bez obzira da li su propagirane od strane dr\u017eave, nacije ili politi\u010dke grupe.<\/p>\n","protected":false},"excerpt":{"rendered":"<p>Cilj istra\u017eivanja o Drugom svetskom ratu na Kosovu je osporavanje ideje da postoji samo jedna istina o istoriji Kosova tokom&#8230;<\/p>\n","protected":false},"author":7,"featured_media":337,"parent":238,"menu_order":0,"comment_status":"closed","ping_status":"closed","template":"page-category.php","meta":{"footnotes":""},"class_list":["post-995","page","type-page","status-publish","has-post-thumbnail","hentry"],"_links":{"self":[{"href":"https:\/\/oralhistorykosovo.org\/sr\/wp-json\/wp\/v2\/pages\/995","targetHints":{"allow":["GET"]}}],"collection":[{"href":"https:\/\/oralhistorykosovo.org\/sr\/wp-json\/wp\/v2\/pages"}],"about":[{"href":"https:\/\/oralhistorykosovo.org\/sr\/wp-json\/wp\/v2\/types\/page"}],"author":[{"embeddable":true,"href":"https:\/\/oralhistorykosovo.org\/sr\/wp-json\/wp\/v2\/users\/7"}],"replies":[{"embeddable":true,"href":"https:\/\/oralhistorykosovo.org\/sr\/wp-json\/wp\/v2\/comments?post=995"}],"version-history":[{"count":7,"href":"https:\/\/oralhistorykosovo.org\/sr\/wp-json\/wp\/v2\/pages\/995\/revisions"}],"predecessor-version":[{"id":11718,"href":"https:\/\/oralhistorykosovo.org\/sr\/wp-json\/wp\/v2\/pages\/995\/revisions\/11718"}],"up":[{"embeddable":true,"href":"https:\/\/oralhistorykosovo.org\/sr\/wp-json\/wp\/v2\/pages\/238"}],"wp:featuredmedia":[{"embeddable":true,"href":"https:\/\/oralhistorykosovo.org\/sr\/wp-json\/wp\/v2\/media\/337"}],"wp:attachment":[{"href":"https:\/\/oralhistorykosovo.org\/sr\/wp-json\/wp\/v2\/media?parent=995"}],"curies":[{"name":"wp","href":"https:\/\/api.w.org\/{rel}","templated":true}]}}