{"id":990,"date":"2016-04-05T10:06:11","date_gmt":"2016-04-05T10:06:11","guid":{"rendered":"http:\/\/oralhistorykosovo.org\/sr\/research\/blood-feuds-reconciliations\/"},"modified":"2017-11-04T21:07:32","modified_gmt":"2017-11-04T21:07:32","slug":"blood-feuds-reconciliations","status":"publish","type":"page","link":"https:\/\/oralhistorykosovo.org\/sr\/research\/blood-feuds-reconciliations\/","title":{"rendered":"Kampanja Oprosta Krvi"},"content":{"rendered":"<p style=\"text-align: justify;\">Istra\u017eivanje o kampanji oprosta krvi je usredsre\u0111ena na doga\u0111aje koji su se desili na Kosovu tokom 1990.-1991. godine, na po\u010detku represije Milo\u0161evi\u0107evog re\u017eima. Prikupljaju\u0107i usmenu istoriju kroz intervjue sa protagonistima iz tog vremena \u2013 sa mladima, biv\u0161im politi\u010dkim zatvorenicima, sa sve\u0161tensvom iz razli\u010ditih vera, sa piscima i nau\u010dnicima \u2013 mi nameravamo da osnujemo jedan arhiv\u00a0 koji \u0107e biti glas razli\u010ditih tuma\u010denja, \u010desto puta kontradiktornih, kampanje iz tog vremena i posle.<\/p>\n","protected":false},"excerpt":{"rendered":"<p>Istra\u017eivanje o kampanji oprosta krvi je usredsre\u0111ena na doga\u0111aje koji su se desili na Kosovu tokom 1990.-1991. godine, na po\u010detku&#8230;<\/p>\n","protected":false},"author":7,"featured_media":0,"parent":238,"menu_order":0,"comment_status":"closed","ping_status":"closed","template":"page-category.php","meta":{"footnotes":""},"class_list":["post-990","page","type-page","status-publish","hentry"],"_links":{"self":[{"href":"https:\/\/oralhistorykosovo.org\/sr\/wp-json\/wp\/v2\/pages\/990","targetHints":{"allow":["GET"]}}],"collection":[{"href":"https:\/\/oralhistorykosovo.org\/sr\/wp-json\/wp\/v2\/pages"}],"about":[{"href":"https:\/\/oralhistorykosovo.org\/sr\/wp-json\/wp\/v2\/types\/page"}],"author":[{"embeddable":true,"href":"https:\/\/oralhistorykosovo.org\/sr\/wp-json\/wp\/v2\/users\/7"}],"replies":[{"embeddable":true,"href":"https:\/\/oralhistorykosovo.org\/sr\/wp-json\/wp\/v2\/comments?post=990"}],"version-history":[{"count":8,"href":"https:\/\/oralhistorykosovo.org\/sr\/wp-json\/wp\/v2\/pages\/990\/revisions"}],"predecessor-version":[{"id":11707,"href":"https:\/\/oralhistorykosovo.org\/sr\/wp-json\/wp\/v2\/pages\/990\/revisions\/11707"}],"up":[{"embeddable":true,"href":"https:\/\/oralhistorykosovo.org\/sr\/wp-json\/wp\/v2\/pages\/238"}],"wp:attachment":[{"href":"https:\/\/oralhistorykosovo.org\/sr\/wp-json\/wp\/v2\/media?parent=990"}],"curies":[{"name":"wp","href":"https:\/\/api.w.org\/{rel}","templated":true}]}}