{"id":22408,"date":"2025-06-05T11:01:43","date_gmt":"2025-06-05T11:01:43","guid":{"rendered":"https:\/\/oralhistorykosovo.org\/research\/home-schools-of-the-1990s\/"},"modified":"2025-06-05T13:26:43","modified_gmt":"2025-06-05T13:26:43","slug":"home-schools-of-the-1990s","status":"publish","type":"page","link":"https:\/\/oralhistorykosovo.org\/sr\/research\/home-schools-of-the-1990s\/","title":{"rendered":"Doma\u0107e \u0161kole iz devedesetih"},"content":{"rendered":"<p>Nakon ukidanja autonomije Kosova 1989. godine i sistematskog isklju\u010divanja Albanaca iz javnih institucija pod Saveznom Republikom Jugoslavijom, devedesete su donele pojavu paralelnog obrazovnog sistema. Po\u0161to je nastava na albanskom jeziku bila zabranjena, doma\u0107e \u0161kole, organizovane u privatnim ku\u0107ama, podrumima i improvizovanim prostorima, postale su klju\u010dan oblik otpora i opstanka. Nastavnici, roditelji i u\u010denici zajedni\u010dki su radili na o\u010duvanju obrazovanja uprkos represiji dr\u017eave. Ovi napori odozdo nisu bili samo u slu\u017ebi nastave, ve\u0107 i o\u010duvanja kulturnog identiteta i iskazivanja politi\u010dke volje. Usmene istorije onih koji su pod tim uslovima podu\u010davali i u\u010dili otkrivaju pri\u010de o istrajnosti, strahu i svakodnevnom prkosu.<\/p>\n","protected":false},"excerpt":{"rendered":"<p>Nakon ukidanja autonomije Kosova 1989. godine i sistematskog isklju\u010divanja Albanaca iz javnih institucija pod Saveznom Republikom Jugoslavijom, devedesete su donele&#8230;<\/p>\n","protected":false},"author":564,"featured_media":0,"parent":238,"menu_order":0,"comment_status":"closed","ping_status":"closed","template":"page-category.php","meta":{"footnotes":""},"class_list":["post-22408","page","type-page","status-publish","hentry"],"_links":{"self":[{"href":"https:\/\/oralhistorykosovo.org\/sr\/wp-json\/wp\/v2\/pages\/22408","targetHints":{"allow":["GET"]}}],"collection":[{"href":"https:\/\/oralhistorykosovo.org\/sr\/wp-json\/wp\/v2\/pages"}],"about":[{"href":"https:\/\/oralhistorykosovo.org\/sr\/wp-json\/wp\/v2\/types\/page"}],"author":[{"embeddable":true,"href":"https:\/\/oralhistorykosovo.org\/sr\/wp-json\/wp\/v2\/users\/564"}],"replies":[{"embeddable":true,"href":"https:\/\/oralhistorykosovo.org\/sr\/wp-json\/wp\/v2\/comments?post=22408"}],"version-history":[{"count":1,"href":"https:\/\/oralhistorykosovo.org\/sr\/wp-json\/wp\/v2\/pages\/22408\/revisions"}],"predecessor-version":[{"id":22409,"href":"https:\/\/oralhistorykosovo.org\/sr\/wp-json\/wp\/v2\/pages\/22408\/revisions\/22409"}],"up":[{"embeddable":true,"href":"https:\/\/oralhistorykosovo.org\/sr\/wp-json\/wp\/v2\/pages\/238"}],"wp:attachment":[{"href":"https:\/\/oralhistorykosovo.org\/sr\/wp-json\/wp\/v2\/media?parent=22408"}],"curies":[{"name":"wp","href":"https:\/\/api.w.org\/{rel}","templated":true}]}}