{"id":16115,"date":"2019-09-06T13:52:16","date_gmt":"2019-09-06T13:52:16","guid":{"rendered":"http:\/\/oralhistorykosovo.org\/prwalks-privacy-policy\/"},"modified":"2019-10-09T09:23:49","modified_gmt":"2019-10-09T09:23:49","slug":"prwalks-privacy-policy","status":"publish","type":"page","link":"https:\/\/oralhistorykosovo.org\/sr\/prwalks-privacy-policy\/","title":{"rendered":"Privacy Policy"},"content":{"rendered":"<p>Slede\u0107i uslovi su obavezni za svakog korisnika koji koristi ili dobija usluge od aplikacije Pristina Walks. Korisnik je saglasan da bude vezan ovim Uslovima kori\u0161\u0107enja svakog puta kada korisnik raspola\u017ee aplikacijom. Oral History Initiative podsti\u010de korisnike da pro\u010ditaju ove Uslove Kori\u0161\u0107enja vrlo pa\u017eljivo.<\/p>\n<hr \/>\n<p><b>Prava i odgovornosti kori\u0161\u0107enja<\/b><\/p>\n<p>Korisnici aplikacije Pristina Walks su u obavezi da odgovorno koriste sadr\u017eaj (video, audio i tekst) unutar okvira svih primenljivih zakona i obaveza, uklju\u010duju\u0107i i ove Uslove kori\u0161\u0107enja. Sadr\u017eaj obezbe\u0111en od strane aplikacije Pristina Walks tako\u0111e sadr\u017ei materijal za\u0161ti\u0107en autorskim pravima i za\u0161ti\u0107en je svim relevantnim zakonima za\u0161tite intelektualne svojine. Oral History Initiative zadr\u017eava pravo na preduzimanje zakonskih mera protiv bilo kakve partije koja kr\u0161i ove Uslove kori\u0161\u0107enja i prava na intelektualnu svojinu.<\/p>\n<hr \/>\n<p><b>KORISNI\u010cKI DOPRINOS<\/b><\/p>\n<p>Aplikacija Pristina Walks poziva svoje korisnike na doprinos pru\u017eaju\u0107i priliku da podnose, postavljaju, objavljuju, dele, ili prenose sadr\u017eaj i materijale, uklju\u010duju\u0107i ali ne ograni\u010davaju\u0107i samo na tekst, zapise, video, audio, fotografije, grafike, komentare, predloge ili li\u010dne informacije ili drugi materijal. Doprinosi mogu biti vi\u0111eni od strane drugih korisnika aplikacije Pristina Walks i putem vebsajtova tre\u0107e strane. Kao takvi, bilo kakvi Doprinosi koje korinici \u0161alju ne\u0107e biti objavljeni pre pregledanja od strane istra\u017eiva\u010da Oral History Initiative. Doprinosi mogu biti prihva\u0107eni, odbijeni ili otklonjeni prema na\u0161em naho\u0111enju.<\/p>\n<hr \/>\n<p>Kada korisnik stvara ili \u010dini dostupnim neki Doprinos, korisnik time predstavlja i garantuje:<\/p>\n<ol>\n<li>Da stvaranje, deljenje, preno\u0161enje, javno prikazivanje ili izvo\u0111enje, i pristupanje, preuzimanje, ili koprianje korisni\u010dkih Doprinosa ne kr\u0161i i ne\u0107e kr\u0161iti vlasni\u010dka prava bilo koje tre\u0107e partije, uklju\u010duju\u0107i ali ne ograni\u010davaju\u0107i na autorska prava, patent, za\u0161titni znak, poslovne tajnem ili moralna prava partije.<\/li>\n<li>Pre podno\u0161enja bilo kakvih podataka, korisnik je kreator i\/ili vlasnik Doprinosa, ili poseduje potrebne licenze, prava, saglasnosti, razre\u0161enja, i dozvole da koristi i ovlasti aplikaciju Pristina Walks i druge korisnike aplikacije da koriste korisnikov Doprinos na bilo kakav na\u010din razmatran od strane aplikacije i ovih Uslova kori\u0161\u0107enja.<\/li>\n<li>Korisnik poseduje pismenu saglasnost, razre\u0161enje, i\/ili dozvolu svake prepoznatljive inividualne osobe u Doprinosima da koristi ime ili sli\u010dnost svake prepoznatljive individualne osobe da omogu\u0107i inkluziju i kori\u0161\u0107enje Doprinosa na bilo koji na\u010din razmatran od strane aplikacije Pristina Walks i ovih Uslova kori\u0161\u0107enja.<\/li>\n<li>Korisnikov Doprinos nije la\u017ean, neta\u010dan ili obmanjuju\u0107.<\/li>\n<li>Korisnikov Doprinos nije nepo\u017eeljno ili neodobreno reklamiranje, promotivni materijal, piramidalna \u0161ema, lan\u010dano pismo, spam, masovno slanje, ili drugi oblik posredovanja.<\/li>\n<li>Korisnikov Doprinos nije opscen, nepristojan, lascivan, pogan, nasilan, uznemiriju\u0107i, pogrdan, klevetni\u010dki, ili druga\u010dije za osudu.<\/li>\n<li>Korisnikov Doprinos ne ismeva, ne ruga se, ne poni\u017eava, ne zastra\u0161uje, ili ne zlostavlja nikoga.<\/li>\n<li>Korisnikov Doprinos ne zagovara nasilno ru\u0161enje bilo koje vlade ili ne podsti\u010de, ohrabruje, ili preti fizi\u010dkim nasiljem protiv drugog.<\/li>\n<li>Korisnikov Doprinos ne kr\u0161i nijedan primenljiv zakon, propis, ili pravilo.<\/li>\n<li>Korisnikov Doprinos ne kr\u0161i privatnost ili publicitetna prava bilo koj tre\u0107e partije.<\/li>\n<li>Korisnikov Doprinos druga\u010dije ne kr\u0161i, ili vezuje materijal koji kr\u0161i, bilo koju zakonsku odredbu ovih Uslova kori\u0161\u0107enja, ili bilo koji primenljiv zakon ili pravilo.<br \/>\n<hr \/>\n<\/li>\n<\/ol>\n<p>Bilo kakva upotreba aplikacije Pristina Walks u kr\u0161enju gorepomenutog predstavljanja su\u0161tinski i materijalno kr\u0161i ove Uslove kori\u0161\u0107enja i mo\u017ee rezultirati, izme\u0111u ostalog, prekidom ili suspenzijom prava korisnika na kori\u0161\u0107enje aplikacije Pristina Walks.<\/p>\n<hr \/>\n<p><b>Apple i Android ure\u0111aji<\/b><\/p>\n<p>Slede\u0107i uslovi va\u017ee kada korisnik preuzima aplikaciju Pristina Walks ili sa Apple Store-a ili sa Google Play-a: (1) dozvola za aplikaciju odobrena za Vas nije prenosiva dozvola za kori\u0161\u0107enje aplikacije na ure\u0111aju koji koristi Apple iOS ili Android operativne sisteme, po potrebi, i u skladu sa uslovima kori\u0161\u0107enja odre\u0111enim u primenljivim uslovima usluge Distributora Aplikacije; (2) mi smo odgovorni za obezbe\u0111ivanje bilo kakvog odr\u017eavanja i servisa podr\u0161ke uz po\u0161tovanje prema mobilnoj aplikaciji kao \u0161to je nazna\u010deno u uslovima kori\u0161\u0107enja licence ove mobilne aplikacije koja se nalazi u Uslovima kori\u0161\u0107enja ili druga\u010dije obavezno prema primenljivom zakonom, i Vi priznajete da svaki Distributer Aplikacije nije ni u kakvoj obavezi da pru\u017ea bilo kakvo odr\u017eavanje i servise podr\u0161ke prema mobilnoj aplikaciji; (3) u slu\u010daju bilo kakve nemogu\u0107nosti mobilne aplikacije da se prilagodi bilo kojoj primenljivoj garanciji, mo\u017eete obavestiti primenljivog Distributera Aplikacije, i Distributer Aplikacije, u skladu sa oslovima i polisama, mo\u017ee refundirati nabavnu cenu, ako je ima, pla\u0107enu za mobilnu aplikaciju, i do maksimalne granice dozvoljene prema primenljivom zakonu, Distributer Aplikacije ne\u0107e imati nikakvu drugu garancijsku obavezu prema mobilnoj aplikaciji; (4) Vi priznajete i prihvatate da su Distributeri Aplikacije korisnici uslova kori\u0161\u0107enja licence koja je sadr\u017eana u ovim Uslovima kori\u0161\u0107enja, i da svaki Distributer Aplikacije ima pravo (smatra\u0107e se da prihvata pravo) da primenjuje ove uslove kori\u0161\u0107enja protiv Vas kao korisnik tre\u0107e strane.<\/p>\n<hr \/>\n<p><b>Autorsko pravo<\/b><\/p>\n<p>Oral History Initiative prikuplja pri\u010de od naratora svih sfera \u017eivota, i nismo prenosivi na partije tre\u0107e strane. Sadr\u017eaj aplikacije Pristina Walks proizvodi Oral History Initiative u saradnji sa sagovornicima, i kao takav, smatran je kao zajedni\u010dka produkcija prema primenljivim zakonima Autorskih prava.<\/p>\n<hr \/>\n<p>Sav sadr\u017eaj je za\u0161ti\u0107en kao intelektualna svojina i ne mo\u017ee se koristiti beu odobrenja Oral History Initiative-a. Korisnik mo\u017ee citirati transkripte video intervjua po potrebi za nau\u010dni rad ili nekomercijalno istra\u017eivanje, recenzije (isklju\u010divo objavljena dela), ili trenutne vesti (bez fotografija) ili za sli\u010dan profesionalni posao. Gorepomenuto ne dozvoljava kopiranje \u010ditavog rada bez ikakvog razloga, i u svim slu\u010dajevima, korisnik mora pripisati i priznati Oral History Initiative.<\/p>\n<hr \/>\n<p>\u017divotne pri\u010de na\u0161ih govornika se smatraju i tretiraju kao li\u010dne. Pored toga one se presecaju sa pro\u0161lo\u0161ti lokaliteta koje istra\u017euje Oral History Initiative. Zbog ovog i drugih razloga, ni u kakvim okolnostima se ne smeju koristiti bez dozvole ili zloupotrebljene u bilo kom obliku.<\/p>\n<hr \/>\n<p>Oral History Initiative ne odobrava neekskuzivnu licencu. Neekskluzivna licenca zahteva odobravanje jo\u0161 jednoj partiji prava da koristi intelektualnu svojinu Oral History Initiative-a bez preno\u0161enja autorskih prava toj partiji.<\/p>\n<hr \/>\n<p>Bilo koje kopiranje, preno\u0161enje, objavljivanje, reprodukcije ili drugo kori\u0161\u0107enje videa, fotografija ili tekstova aplikacije Pristina Walks bez dozvole Oral History Initiative je zabranjeno. Oral History Initiative zadr\u017eava prava da preduzima pravne postupke protiv bilo koje partije koja kr\u0161i ove Uslove kori\u0161\u0107enja ili prava intelektualne svojine.<\/p>\n<hr \/>\n<p><b>Primenljivi zakon i nadle\u017enost<\/b><\/p>\n<p>Pristupaju\u0107i aplikaciji Pristina Walks, korisnik je podlo\u017ean ekskuzivnoj nadle\u017enosti suda Republike Kosova radi bilo kakve rasprave koja poti\u010de iz ili je vezana za ove Uslove kori\u0161\u0107enja.<\/p>\n<hr \/>\n<p>Sadr\u017eaj aplikacije Pristina Walks je pod sudskom za\u0161titom zakona o autorskim pravima i srodnim pravima Republike Kosova i kriminalnom zakonu Republike Kosova, regulisaju\u0107i kr\u0161enje autorskih prava. U skladu sa ovim zakonima, Oral History Initiative zadr\u017eava pravo na preduzimanje pravnih postupaka protiv bilo kojeg korisnika koji kr\u0161i ove uslove kori\u0161\u0107enja i zakon.<\/p>\n<hr \/>\n<p>Pod \u010clanom 181 Zakona o autorskim i srodnim pravima Republike Kosova, u bilo kakvom slu\u010daju kr\u0161enja prava, Oral History Initiative mo\u017ee podneti zahteve za tra\u017eenje dokaza kr\u0161enja prava, za zabranu nastavljanja \u010dina kr\u0161enja prava i\/ili za povratak materijalne ili nematerijalne \u0161tete.<\/p>\n<hr \/>\n<p>Kr\u0161enje Autorskih prava \u0107e tako\u0111e biti ka\u017enjeno kao krivi\u010dno delo, nov\u010danim kaznama i\/ili zatvorom, u skladu sa Kriminalnim zakonom Republike Kosova, \u010clan 296. Ko go ne po\u0161tuje Autorska prava u sadr\u017eaju ove aplikacije, koriste\u0107i ga bez dozvole Oral History Inititative \u0107e biti nov\u010dano ka\u017enjen ili uhap\u0161en jednu (1) godinu.<\/p>\n<hr \/>\n<p>Korisnici su u obavezi da s povtovanjem koriste sadr\u017eaj aplikacije i da se suzdr\u017ee od potivzakonitih dela, kao \u0161to su objavljivanje bez citiranja izvora, jer se to smatra zloupotrebom podataka i informacija. Saglasnost sa ovim Uslovima Kori\u0161\u0107enja i primenljivih zakona, pravila i propisa vezanih za pru\u017eene usluge je obavezna.<\/p>\n","protected":false},"excerpt":{"rendered":"<p>Slede\u0107i uslovi su obavezni za svakog korisnika koji koristi ili dobija usluge od aplikacije Pristina Walks. Korisnik je saglasan da&#8230;<\/p>\n","protected":false},"author":1,"featured_media":0,"parent":0,"menu_order":0,"comment_status":"closed","ping_status":"closed","template":"","meta":{"footnotes":""},"class_list":["post-16115","page","type-page","status-publish","hentry"],"_links":{"self":[{"href":"https:\/\/oralhistorykosovo.org\/sr\/wp-json\/wp\/v2\/pages\/16115","targetHints":{"allow":["GET"]}}],"collection":[{"href":"https:\/\/oralhistorykosovo.org\/sr\/wp-json\/wp\/v2\/pages"}],"about":[{"href":"https:\/\/oralhistorykosovo.org\/sr\/wp-json\/wp\/v2\/types\/page"}],"author":[{"embeddable":true,"href":"https:\/\/oralhistorykosovo.org\/sr\/wp-json\/wp\/v2\/users\/1"}],"replies":[{"embeddable":true,"href":"https:\/\/oralhistorykosovo.org\/sr\/wp-json\/wp\/v2\/comments?post=16115"}],"version-history":[{"count":2,"href":"https:\/\/oralhistorykosovo.org\/sr\/wp-json\/wp\/v2\/pages\/16115\/revisions"}],"predecessor-version":[{"id":21513,"href":"https:\/\/oralhistorykosovo.org\/sr\/wp-json\/wp\/v2\/pages\/16115\/revisions\/21513"}],"wp:attachment":[{"href":"https:\/\/oralhistorykosovo.org\/sr\/wp-json\/wp\/v2\/media?parent=16115"}],"curies":[{"name":"wp","href":"https:\/\/api.w.org\/{rel}","templated":true}]}}