{"id":16101,"date":"2019-09-06T13:44:36","date_gmt":"2019-09-06T13:44:36","guid":{"rendered":"http:\/\/oralhistorykosovo.org\/prwalks-intro\/"},"modified":"2019-10-21T11:03:28","modified_gmt":"2019-10-21T11:03:28","slug":"prwalks-intro","status":"publish","type":"page","link":"https:\/\/oralhistorykosovo.org\/sr\/prwalks-intro\/","title":{"rendered":"Intro"},"content":{"rendered":"<p>Kao istra\u017eiva\u010di preru\u0161eni u kartografe, po\u010deli smo da pravimo mapu pri\u010da gra\u0111ana Pri\u0161tine koje obuhvataju istoriju grada u proteklih sto godina. Nakon \u0161to smo obavili dvadeset i devet usmenih istorijskih intervjua i tako\u0111e konsultovali preko sto intervjua iz digitalne arhive Oral History Kosova\u00a0 (oralhistorykosovo.org) i druge javne i privatne fotografske arhive, osigurali smo bezbrojne li\u010dne pri\u010de koje pamte klju\u010dne kulturne i politi\u010dke doga\u0111aje koji su definisali konture savremenog identiteta Pri\u0161tine.<\/p>\n<hr \/>\n<p>Pri\u0161tina \u0160etnje je vi\u0161ejezi\u010dka interaktivna mapa \u010dija je arhitektura dizajnirana tako da odgovara detaljnom istra\u017eiva\u010dkom videu, zvuku i tekstu. Aplikacija se sastoji iz \u010detiri tematske \u0160etnje: <em>Od a la Turka prema a la Franga; Asfaltom do Napretka; Duge \u201890-te i Pejza\u017ei se\u0107anja, <\/em>koji zajedno sadr\u017ee osamdeset \u010detiri znamenitih lokacija, propra\u0107enih sa sto deset kratkih videa koji otkrivaju grad iz perspektive njegovih gra\u0111ana. Svaka \u0160etnja nudi imerzivno otkri\u0107e i znanje koje neguje radoznalost o kulturnoj ba\u0161tini, lokalnoj istoriji i arhitekturi. \u0160tavi\u0161e, \u0160etnje podr\u017eavaju \u0161etanje kao na\u010din na koji se stvara ose\u0107aj pripadnosti i kultura jednog mesta.<\/p>\n<hr \/>\n<p>Svesni smo toga da je istorija na\u0161eg grada ve\u0107a od ove \u010detiri \u0160etnje. Stoga, u skladu sa na\u0161om metodologijom, i dalje nastavi\u0107emo da sakupljamo \u017eivotne pri\u010de. Iz ovog kao i iz drugih razloga, svaki deo ove mobilne aplikacije rado prima doprinose korisnika kao \u0161to su memoari, pri\u010de i fotografske arhive. Mislimo da je ovakva saradnja sa \u0161irom publikom va\u017ena u zapo\u010dinjanju novih pitanja i stvaranju drugih \u0160etnji u godinama koje dolaze.<\/p>\n<hr \/>\n<p>Na kraju, \u017eeleli bismo da se zahvalimo gra\u0111anima Pri\u0161tine koji su sedeli sa nama kako bi podelili svoje \u017eivotne pri\u010de i dali nam dozvolu da objavimo njihove intervjue i privatne fotografije na mobilnoj aplikaciji Pri\u0161tina \u0160etnje.<\/p>\n<hr \/>\n<p><span style=\"font-weight: 400;\">Istra\u017eiva\u010dki tim<\/span><\/p>\n<p><span style=\"font-weight: 400;\">Aurela Kadriu, Besarta Breznica, Dafina Tahiri, Donjet\u00eb Berisha, Ebru S\u00fcleyman, Er\u00ebmir\u00eb Krasniqi, Kaltrina Krasniqi\u00a0<\/span><\/p>\n<hr \/>\n<p><span style=\"font-weight: 400;\">Kustosi<\/span><\/p>\n<p><span style=\"font-weight: 400;\">Er\u00ebmir\u00eb Krasniqi i Kaltrina Krasniqi<\/span><\/p>\n<hr \/>\n<p><span style=\"font-weight: 400;\">Grafi\u010dki dizajn<\/span><\/p>\n<p><span style=\"font-weight: 400;\">Studio Permanent\u2014Nita Salihu Hoxha (Dizajn mobilne aplikacije), Urtina Hoxha i Elvira Thaqi (Dizajn mape)<\/span><\/p>\n<hr \/>\n<p><span style=\"font-weight: 400;\">Razvijen od strane<\/span><\/p>\n<p><span style=\"font-weight: 400;\">Frakton\u2014Ndri\u00e7im Sadiku (Android programer), Hektor Kastrati (IOS programer), Elvudin Basha \u2013 (Backend programer), Edilona Kamberi (<\/span><span style=\"font-weight: 400;\">Kontrola kvaliteta &#8211; Testiranje<\/span><span style=\"font-weight: 400;\">), Edon Sekiraqa (Glavni direktor tehnologije), Albion Hasani (Vo\u0111a projekta)<\/span><span style=\"font-weight: 400;\">\u00a0<\/span><\/p>\n<hr \/>\n<p><span style=\"font-weight: 400;\">Kreirano od strane<\/span><\/p>\n<p><span style=\"font-weight: 400;\">Inicijative Usmene Istorije<\/span><\/p>\n<p><span style=\"font-weight: 400;\">oralhistorykosovo.org<\/span><\/p>\n<hr \/>\n<p>Pri\u0161tina \u0160etnje je jednogodi\u0161nji istra\u017eiva\u010dki projekat i deo je projekta ,,Me\u0111u-etni\u010dki dijalog kroz inkluzivnu za\u0161titu kulturne ba\u0161tine\u201d kojeg finansira Instrument Evropske unije za stabilnost i mir (IcSP) a realizuje Program Ujedinjenih nacija za razvoj (UNDP) na Kosovu.<\/p>\n<hr \/>\n<p>Ovi intervjui\/kratki videi sa\u010dinjeni su uz finansijsku podr\u0161ku Instrumenta Evropske unije za stabilnost i mir (IcSP). Njihov sadr\u017eaj isklju\u010diva je odgovornost\u00a0Inicijative Usmene Istorije\u00a0(OHI) i ne predstavljaju stavove Evropske unije niti Programa za razvoj Ujedinjenih nacija.<\/p>\n","protected":false},"excerpt":{"rendered":"<p>Kao istra\u017eiva\u010di preru\u0161eni u kartografe, po\u010deli smo da pravimo mapu pri\u010da gra\u0111ana Pri\u0161tine koje obuhvataju istoriju grada u proteklih sto&#8230;<\/p>\n","protected":false},"author":1,"featured_media":0,"parent":0,"menu_order":0,"comment_status":"closed","ping_status":"closed","template":"","meta":{"footnotes":""},"class_list":["post-16101","page","type-page","status-publish","hentry"],"_links":{"self":[{"href":"https:\/\/oralhistorykosovo.org\/sr\/wp-json\/wp\/v2\/pages\/16101","targetHints":{"allow":["GET"]}}],"collection":[{"href":"https:\/\/oralhistorykosovo.org\/sr\/wp-json\/wp\/v2\/pages"}],"about":[{"href":"https:\/\/oralhistorykosovo.org\/sr\/wp-json\/wp\/v2\/types\/page"}],"author":[{"embeddable":true,"href":"https:\/\/oralhistorykosovo.org\/sr\/wp-json\/wp\/v2\/users\/1"}],"replies":[{"embeddable":true,"href":"https:\/\/oralhistorykosovo.org\/sr\/wp-json\/wp\/v2\/comments?post=16101"}],"version-history":[{"count":12,"href":"https:\/\/oralhistorykosovo.org\/sr\/wp-json\/wp\/v2\/pages\/16101\/revisions"}],"predecessor-version":[{"id":21592,"href":"https:\/\/oralhistorykosovo.org\/sr\/wp-json\/wp\/v2\/pages\/16101\/revisions\/21592"}],"wp:attachment":[{"href":"https:\/\/oralhistorykosovo.org\/sr\/wp-json\/wp\/v2\/media?parent=16101"}],"curies":[{"name":"wp","href":"https:\/\/api.w.org\/{rel}","templated":true}]}}