{"id":15861,"date":"2019-07-23T08:51:56","date_gmt":"2019-07-23T08:51:56","guid":{"rendered":"http:\/\/oralhistorykosovo.org\/janjevo-project\/"},"modified":"2019-08-07T16:35:07","modified_gmt":"2019-08-07T16:35:07","slug":"janjevo-project","status":"publish","type":"page","link":"https:\/\/oralhistorykosovo.org\/sr\/research\/janjevo-project\/","title":{"rendered":"Projekat Janjev\u00eb\/o"},"content":{"rendered":"<p style=\"text-align: justify;\"><span style=\"font-weight: 400;\">Istorija lokaliteta Janjevo povezana je sa tradicijom rudarstva Novog Brda i Kopaonika koji su imali naslage olova i srebra koje su kultivisale ekonomski rast i razvoj. Istorija hrvatske zajednice na Kosovu datira unazad do 12. veka. Iako su rudnici zatvoreni od 16. veka, zajednica nastavlja da pronalazi zna\u010daj u Janjevu i razuman razlog da ostanu. Povezana sa regionalnim trgova\u010dkim centrima, arhitekturu Janjeva odlikuje me\u0161avina Osmanskih mesta stanovanja i Austrougarskih ku\u0107a. Snimanjem intervjua usmenih istorija sa \u010dlanovima razli\u010ditih zajednica, mi stremimo da se pove\u0107a razumevanje kulturnog i ekonomskog identiteta lokaliteta Janjeva.<\/span><\/p>\n<p style=\"text-align: justify;\">Istra\u017eivanje o Janjevu je deo projekta \u201eMe\u0111ju-etni\u010dki dijalog kroz inkluzivnu za\u0161titu kulturne ba\u0161tine\u201d kojeg finansira Instrument Evropske unije za stabilnost i mir (IcSP) a realizuje Program Ujedinjenih nacija za razvoj (UNDP) na Kosovu.<\/p>\n","protected":false},"excerpt":{"rendered":"<p>Istorija lokaliteta Janjevo povezana je sa tradicijom rudarstva Novog Brda i Kopaonika koji su imali naslage olova i srebra koje&#8230;<\/p>\n","protected":false},"author":14,"featured_media":0,"parent":238,"menu_order":0,"comment_status":"closed","ping_status":"closed","template":"page-category.php","meta":{"footnotes":""},"class_list":["post-15861","page","type-page","status-publish","hentry"],"_links":{"self":[{"href":"https:\/\/oralhistorykosovo.org\/sr\/wp-json\/wp\/v2\/pages\/15861","targetHints":{"allow":["GET"]}}],"collection":[{"href":"https:\/\/oralhistorykosovo.org\/sr\/wp-json\/wp\/v2\/pages"}],"about":[{"href":"https:\/\/oralhistorykosovo.org\/sr\/wp-json\/wp\/v2\/types\/page"}],"author":[{"embeddable":true,"href":"https:\/\/oralhistorykosovo.org\/sr\/wp-json\/wp\/v2\/users\/14"}],"replies":[{"embeddable":true,"href":"https:\/\/oralhistorykosovo.org\/sr\/wp-json\/wp\/v2\/comments?post=15861"}],"version-history":[{"count":6,"href":"https:\/\/oralhistorykosovo.org\/sr\/wp-json\/wp\/v2\/pages\/15861\/revisions"}],"predecessor-version":[{"id":15949,"href":"https:\/\/oralhistorykosovo.org\/sr\/wp-json\/wp\/v2\/pages\/15861\/revisions\/15949"}],"up":[{"embeddable":true,"href":"https:\/\/oralhistorykosovo.org\/sr\/wp-json\/wp\/v2\/pages\/238"}],"wp:attachment":[{"href":"https:\/\/oralhistorykosovo.org\/sr\/wp-json\/wp\/v2\/media?parent=15861"}],"curies":[{"name":"wp","href":"https:\/\/api.w.org\/{rel}","templated":true}]}}