{"id":15223,"date":"2019-03-07T12:50:29","date_gmt":"2019-03-07T12:50:29","guid":{"rendered":"http:\/\/oralhistorykosovo.org\/pristina-walks\/"},"modified":"2019-08-08T09:21:50","modified_gmt":"2019-08-08T09:21:50","slug":"pristina-walks","status":"publish","type":"page","link":"https:\/\/oralhistorykosovo.org\/sr\/research\/pristina-walks\/","title":{"rendered":"Projekat Pri\u0161tina"},"content":{"rendered":"<p style=\"font-weight: 400; text-align: justify;\">Istra\u017eivanje o Pri\u0161tini je fokusirano na kulturu, istoriju i arhitekturu. Ove dimenzije se istra\u017euju kroz li\u010dne pri\u010de i uglavnom nude mno\u0161tvo multiperspektivnih narativa, demokratizuju javni diskurs i na\u010din na koji se lokalne istorije prenose. Putem sredstava digitalnog pripovedanja, \u017eelimo da prika\u017eemo mnoge aspekte grada i da doprinesemo vi\u0161eslojnom razumevanju urbanog i dru\u0161tveno-ekonomskog razvoja, po\u010dev\u0161i od me\u0111uratnog perioda do danas.<\/p>\n<p style=\"font-weight: 400; text-align: justify;\">Projekat Pri\u0161tina je deo projekta \u201eMe\u0111ju-etni\u010dki dijalog kroz inkluzivnu za\u0161titu kulturne ba\u0161tine\u201d kojeg finansira Instrument Evropske unije za stabilnost i mir (IcSP) a realizuje Program Ujedinjenih nacija za razvoj (UNDP) na Kosovu.<\/p>\n","protected":false},"excerpt":{"rendered":"<p>Istra\u017eivanje o Pri\u0161tini je fokusirano na kulturu, istoriju i arhitekturu. Ove dimenzije se istra\u017euju kroz li\u010dne pri\u010de i uglavnom nude&#8230;<\/p>\n","protected":false},"author":14,"featured_media":0,"parent":238,"menu_order":0,"comment_status":"closed","ping_status":"closed","template":"page-category.php","meta":{"footnotes":""},"class_list":["post-15223","page","type-page","status-publish","hentry"],"_links":{"self":[{"href":"https:\/\/oralhistorykosovo.org\/sr\/wp-json\/wp\/v2\/pages\/15223","targetHints":{"allow":["GET"]}}],"collection":[{"href":"https:\/\/oralhistorykosovo.org\/sr\/wp-json\/wp\/v2\/pages"}],"about":[{"href":"https:\/\/oralhistorykosovo.org\/sr\/wp-json\/wp\/v2\/types\/page"}],"author":[{"embeddable":true,"href":"https:\/\/oralhistorykosovo.org\/sr\/wp-json\/wp\/v2\/users\/14"}],"replies":[{"embeddable":true,"href":"https:\/\/oralhistorykosovo.org\/sr\/wp-json\/wp\/v2\/comments?post=15223"}],"version-history":[{"count":8,"href":"https:\/\/oralhistorykosovo.org\/sr\/wp-json\/wp\/v2\/pages\/15223\/revisions"}],"predecessor-version":[{"id":15954,"href":"https:\/\/oralhistorykosovo.org\/sr\/wp-json\/wp\/v2\/pages\/15223\/revisions\/15954"}],"up":[{"embeddable":true,"href":"https:\/\/oralhistorykosovo.org\/sr\/wp-json\/wp\/v2\/pages\/238"}],"wp:attachment":[{"href":"https:\/\/oralhistorykosovo.org\/sr\/wp-json\/wp\/v2\/media?parent=15223"}],"curies":[{"name":"wp","href":"https:\/\/api.w.org\/{rel}","templated":true}]}}