{"id":12357,"date":"2018-02-12T17:22:29","date_gmt":"2018-02-12T17:22:29","guid":{"rendered":"http:\/\/oralhistorykosovo.org\/?page_id=12357"},"modified":"2018-02-15T20:30:55","modified_gmt":"2018-02-15T20:30:55","slug":"dan-nezavisnosti","status":"publish","type":"page","link":"https:\/\/oralhistorykosovo.org\/sr\/dan-nezavisnosti\/","title":{"rendered":"Dan nezavisnosti"},"content":{"rendered":"<p style=\"text-align: justify;\"><span style=\"color: #000000;\">Razgovarali smo sa 15 ljudi iz razli\u010ditih sredina, polova i uzrasta o tome kako se sec\u0301aju dana nezavisnosti. Neki su se setili radosti slavljenja na niskoj temperaturi i taj nadrealan ose\u0107aj, dok se drugi se\u0107aju straha od onoga \u0161to \u0107e se dogoditi njihovim zajednicama, po\u0161to nisu bili Albanci. Mnogi su se suo\u010dili sa slo\u017eenim emocijama tuge i radosti, po\u0161to je nezavisnost do\u0161la po skupoj ceni po ljudima. Jedna osoba je kazala da nisu svi ljudi u\u017eivali taj dan, jer je sever Kosova bio, <em>de facto<\/em>, odvojen. <\/span><\/p>\n<p style=\"text-align: justify;\"><span style=\"color: #000000;\">Projekat je saradnja izme\u0111u <a href=\"http:\/\/prishtinainsight.com\/\">Prishtina Insight<\/a> i <a href=\"http:\/\/oralhistorykosovo.org\/\">Oral History Initiative.<\/a><\/span><\/p>\n<div style=\"text-align: justify;\"><\/div>\n","protected":false},"excerpt":{"rendered":"<p>Razgovarali smo sa 15 ljudi iz razli\u010ditih sredina, polova i uzrasta o tome kako se sec\u0301aju dana nezavisnosti. Neki su&#8230;<\/p>\n","protected":false},"author":14,"featured_media":0,"parent":0,"menu_order":0,"comment_status":"closed","ping_status":"closed","template":"page-category.php","meta":{"footnotes":""},"class_list":["post-12357","page","type-page","status-publish","hentry"],"_links":{"self":[{"href":"https:\/\/oralhistorykosovo.org\/sr\/wp-json\/wp\/v2\/pages\/12357","targetHints":{"allow":["GET"]}}],"collection":[{"href":"https:\/\/oralhistorykosovo.org\/sr\/wp-json\/wp\/v2\/pages"}],"about":[{"href":"https:\/\/oralhistorykosovo.org\/sr\/wp-json\/wp\/v2\/types\/page"}],"author":[{"embeddable":true,"href":"https:\/\/oralhistorykosovo.org\/sr\/wp-json\/wp\/v2\/users\/14"}],"replies":[{"embeddable":true,"href":"https:\/\/oralhistorykosovo.org\/sr\/wp-json\/wp\/v2\/comments?post=12357"}],"version-history":[{"count":9,"href":"https:\/\/oralhistorykosovo.org\/sr\/wp-json\/wp\/v2\/pages\/12357\/revisions"}],"predecessor-version":[{"id":12667,"href":"https:\/\/oralhistorykosovo.org\/sr\/wp-json\/wp\/v2\/pages\/12357\/revisions\/12667"}],"wp:attachment":[{"href":"https:\/\/oralhistorykosovo.org\/sr\/wp-json\/wp\/v2\/media?parent=12357"}],"curies":[{"name":"wp","href":"https:\/\/api.w.org\/{rel}","templated":true}]}}