{"id":11279,"date":"2017-10-10T19:56:44","date_gmt":"2017-10-10T19:56:44","guid":{"rendered":"http:\/\/oralhistorykosovo.org\/?page_id=11279\/"},"modified":"2017-11-04T21:08:00","modified_gmt":"2017-11-04T21:08:00","slug":"stranci","status":"publish","type":"page","link":"https:\/\/oralhistorykosovo.org\/sr\/research\/stranci\/","title":{"rendered":"&#8222;Stranci&#8220;"},"content":{"rendered":"<p style=\"text-align: justify;\"><span style=\"font-weight: 400;\">Koristili smo Georgijev Simmelov pojam &#8222;Stranac&#8220;, koji &#8222;dolazi danas i ostaje sutra&#8220;, potencijalna lutalica, koja &#8222;iako nije oti\u0161la dalje, nije sasvim nadma\u0161ila slobodu dolaska i odlaska&#8220; &#8211; da bi bolje identifikovali domoroce drugih zemalja koji su do\u0161li na Kosovo posebno posle 1999. godine, i koji su \u017eiveli na Kosovu du\u017ei vremenski period, i\/ili trenutno \u017eive na Kosovu. Oni su zvani\u010dnici me\u0111unarodnih institucija, osoblje nevladinih organizacija, privrednici, novinari, nastavnici i itd. Oni su poznati kao &#8222;me\u0111unarodni&#8220;. Oni nisu samo stranci, oni su deo samog Kosova: oni u\u010destvuju u lokalnom \u017eivotu u razli\u010ditim oblastima i razli\u010ditim polo\u017eajima vlasti, a tako\u0111e su sa Kosovarima ko-stvaraoci transnacionalnog prostora koji je kulturni, dru\u0161tveni i politi\u010dki. Prema re\u010dima Simmela, oni nisu razli\u010diti od &#8222;unutra\u0161njih neprijatelja&#8220;, \u010dije \u010dlanstvo u kosovskom dru\u0161tvu podrazumeva i biti spolja i suo\u010davati se sa time. Sakupljanjem njihovih \u017eivotnih istorija, cilj nam je da sagledamo slo\u017eeni status autsajdera\/insajdera i onoga \u0161to konstrui\u0161e ovu podelu.<\/span><\/p>\n<p>&nbsp;<\/p>\n","protected":false},"excerpt":{"rendered":"<p>Koristili smo Georgijev Simmelov pojam &#8222;Stranac&#8220;, koji &#8222;dolazi danas i ostaje sutra&#8220;, potencijalna lutalica, koja &#8222;iako nije oti\u0161la dalje, nije&#8230;<\/p>\n","protected":false},"author":14,"featured_media":0,"parent":238,"menu_order":0,"comment_status":"closed","ping_status":"closed","template":"page-category.php","meta":{"footnotes":""},"class_list":["post-11279","page","type-page","status-publish","hentry"],"_links":{"self":[{"href":"https:\/\/oralhistorykosovo.org\/sr\/wp-json\/wp\/v2\/pages\/11279","targetHints":{"allow":["GET"]}}],"collection":[{"href":"https:\/\/oralhistorykosovo.org\/sr\/wp-json\/wp\/v2\/pages"}],"about":[{"href":"https:\/\/oralhistorykosovo.org\/sr\/wp-json\/wp\/v2\/types\/page"}],"author":[{"embeddable":true,"href":"https:\/\/oralhistorykosovo.org\/sr\/wp-json\/wp\/v2\/users\/14"}],"replies":[{"embeddable":true,"href":"https:\/\/oralhistorykosovo.org\/sr\/wp-json\/wp\/v2\/comments?post=11279"}],"version-history":[{"count":6,"href":"https:\/\/oralhistorykosovo.org\/sr\/wp-json\/wp\/v2\/pages\/11279\/revisions"}],"predecessor-version":[{"id":11708,"href":"https:\/\/oralhistorykosovo.org\/sr\/wp-json\/wp\/v2\/pages\/11279\/revisions\/11708"}],"up":[{"embeddable":true,"href":"https:\/\/oralhistorykosovo.org\/sr\/wp-json\/wp\/v2\/pages\/238"}],"wp:attachment":[{"href":"https:\/\/oralhistorykosovo.org\/sr\/wp-json\/wp\/v2\/media?parent=11279"}],"curies":[{"name":"wp","href":"https:\/\/api.w.org\/{rel}","templated":true}]}}