{"id":10651,"date":"2017-07-12T12:22:51","date_gmt":"2017-07-12T12:22:51","guid":{"rendered":"http:\/\/oralhistorykosovo.org\/post-pessimist\/"},"modified":"2017-11-04T21:04:31","modified_gmt":"2017-11-04T21:04:31","slug":"post-pessimist","status":"publish","type":"page","link":"https:\/\/oralhistorykosovo.org\/sr\/research\/post-pessimist\/","title":{"rendered":"PostPesimisti"},"content":{"rendered":"<p style=\"text-align: justify;\"><span style=\"font-weight: 400;\">Kroz ovo istra\u017eivanje, Inicijativa za usmenu istoriju namerava da dokumentari\u0161e rad <em>PostPesmist\u00ebt<\/em>\u00a0[Post-Pesimista], kulturnu omladinsku grupu aktivnu od 1995. do 2003. godine. Ovu asocijaciju je finansirala norve\u0161ka organizacija i bila je deo vec\u0301ih mre\u017ea pod istim imenom u Bosni i Hercegovini, Srbiji i Hrvatskoj.\u00a0<\/span><span style=\"font-weight: 400;\">Kosovski <em>PostPesmist\u00ebt<\/em> su uglavnom prikupljali ljude iz gimnazije \u201c\u0110\u017eevdet Doda\u201d u Pri\u0161tini, \u010diji su u\u010denici i dalje bili u moguc\u0301nosti da poha\u0111aju \u010dasove tokom Milo\u0161evic\u0301evog re\u017eima, dok je vec\u0301ina mladih albanaca morala da se osloni na \u0161kolovanje kod kuc\u0301e, u tzv. paralelnom sistemu obrazovanja.\u00a0<\/span><span style=\"font-weight: 400;\"><em>PostPesmist\u00ebt<\/em> su organizovali kulturne doga\u0111aje za mlade, kao i razne radionice o fotografiji i novinarstvu. Ali njihova glavna aktivnost je bila izdavanje jednog \u010dasopisa pod istim imenom i distribucija me\u0111u mladima. Magazin <em>PostPesmist\u00ebt<\/em> je kasnije postao deo tada\u0161njeg nedeljnog \u010dasopisa Koha Javore.<\/span><\/p>\n","protected":false},"excerpt":{"rendered":"<p>Kroz ovo istra\u017eivanje, Inicijativa za usmenu istoriju namerava da dokumentari\u0161e rad PostPesmist\u00ebt\u00a0[Post-Pesimista], kulturnu omladinsku grupu aktivnu od 1995. do 2003&#8230;.<\/p>\n","protected":false},"author":14,"featured_media":0,"parent":238,"menu_order":0,"comment_status":"closed","ping_status":"closed","template":"page-category.php","meta":{"footnotes":""},"class_list":["post-10651","page","type-page","status-publish","hentry"],"_links":{"self":[{"href":"https:\/\/oralhistorykosovo.org\/sr\/wp-json\/wp\/v2\/pages\/10651","targetHints":{"allow":["GET"]}}],"collection":[{"href":"https:\/\/oralhistorykosovo.org\/sr\/wp-json\/wp\/v2\/pages"}],"about":[{"href":"https:\/\/oralhistorykosovo.org\/sr\/wp-json\/wp\/v2\/types\/page"}],"author":[{"embeddable":true,"href":"https:\/\/oralhistorykosovo.org\/sr\/wp-json\/wp\/v2\/users\/14"}],"replies":[{"embeddable":true,"href":"https:\/\/oralhistorykosovo.org\/sr\/wp-json\/wp\/v2\/comments?post=10651"}],"version-history":[{"count":5,"href":"https:\/\/oralhistorykosovo.org\/sr\/wp-json\/wp\/v2\/pages\/10651\/revisions"}],"predecessor-version":[{"id":11701,"href":"https:\/\/oralhistorykosovo.org\/sr\/wp-json\/wp\/v2\/pages\/10651\/revisions\/11701"}],"up":[{"embeddable":true,"href":"https:\/\/oralhistorykosovo.org\/sr\/wp-json\/wp\/v2\/pages\/238"}],"wp:attachment":[{"href":"https:\/\/oralhistorykosovo.org\/sr\/wp-json\/wp\/v2\/media?parent=10651"}],"curies":[{"name":"wp","href":"https:\/\/api.w.org\/{rel}","templated":true}]}}