{"id":1024,"date":"2016-04-05T10:25:02","date_gmt":"2016-04-05T10:25:02","guid":{"rendered":"http:\/\/oralhistorykosovo.org\/sr\/research\/kosovo-artist\/"},"modified":"2017-11-04T21:10:04","modified_gmt":"2017-11-04T21:10:04","slug":"kosovo-artist","status":"publish","type":"page","link":"https:\/\/oralhistorykosovo.org\/sr\/research\/kosovo-artist\/","title":{"rendered":"Kosovo preko svojih kreativnih umetnika"},"content":{"rendered":"<p style=\"text-align: justify;\">Cilj istra\u017eivanja o Kosovu preko njenih kreativnih umetnika je prikupljanje \u017eivotnih pri\u010da raznih li\u010dnosti iz obasti knji\u017eevnosti, vizuelne umetnosti, filma i pozori\u0161ta. Pri\u010de pokazuju razlike i zajedni\u010dke jezi\u010dke ta\u010dke, prikazuju\u0107i na taj na\u010din pregled nastojanja razli\u010ditih generacija umetnika kako bi izbili na povr\u0161inu javne scene.<\/p>\n<p>&nbsp;<\/p>\n","protected":false},"excerpt":{"rendered":"<p>Cilj istra\u017eivanja o Kosovu preko njenih kreativnih umetnika je prikupljanje \u017eivotnih pri\u010da raznih li\u010dnosti iz obasti knji\u017eevnosti, vizuelne umetnosti, filma&#8230;<\/p>\n","protected":false},"author":7,"featured_media":0,"parent":238,"menu_order":0,"comment_status":"closed","ping_status":"closed","template":"page-category.php","meta":{"footnotes":""},"class_list":["post-1024","page","type-page","status-publish","hentry"],"_links":{"self":[{"href":"https:\/\/oralhistorykosovo.org\/sr\/wp-json\/wp\/v2\/pages\/1024","targetHints":{"allow":["GET"]}}],"collection":[{"href":"https:\/\/oralhistorykosovo.org\/sr\/wp-json\/wp\/v2\/pages"}],"about":[{"href":"https:\/\/oralhistorykosovo.org\/sr\/wp-json\/wp\/v2\/types\/page"}],"author":[{"embeddable":true,"href":"https:\/\/oralhistorykosovo.org\/sr\/wp-json\/wp\/v2\/users\/7"}],"replies":[{"embeddable":true,"href":"https:\/\/oralhistorykosovo.org\/sr\/wp-json\/wp\/v2\/comments?post=1024"}],"version-history":[{"count":5,"href":"https:\/\/oralhistorykosovo.org\/sr\/wp-json\/wp\/v2\/pages\/1024\/revisions"}],"predecessor-version":[{"id":11713,"href":"https:\/\/oralhistorykosovo.org\/sr\/wp-json\/wp\/v2\/pages\/1024\/revisions\/11713"}],"up":[{"embeddable":true,"href":"https:\/\/oralhistorykosovo.org\/sr\/wp-json\/wp\/v2\/pages\/238"}],"wp:attachment":[{"href":"https:\/\/oralhistorykosovo.org\/sr\/wp-json\/wp\/v2\/media?parent=1024"}],"curies":[{"name":"wp","href":"https:\/\/api.w.org\/{rel}","templated":true}]}}