{"id":1002,"date":"2016-04-05T10:12:42","date_gmt":"2016-04-05T10:12:42","guid":{"rendered":"http:\/\/oralhistorykosovo.org\/sr\/research\/women-activist\/"},"modified":"2019-08-25T12:40:26","modified_gmt":"2019-08-25T12:40:26","slug":"women-activist","status":"publish","type":"page","link":"https:\/\/oralhistorykosovo.org\/sr\/research\/women-activist\/","title":{"rendered":"Usmena istorija \u017eenskog aktivizma"},"content":{"rendered":"<p style=\"text-align: justify;\">Usmene istorije \u017eena aktivistkinja nude jedinstven prostor koji omogu\u0107ava vidljivost i trajnost subjektivnosti \u017eenske istorije koja je bila stalno, ako ne zaboravljena, onda u najmanju ruku, marginalizovana. Bilo da su anga\u017eovane u protestima protiv okupatora tokom Drugog Svetskog rata, bilo da su bile deo kampanje za skidanje fered\u017ee, u borbi protiv nepismenosti \u017eena, bilo da su anga\u017eovane u nacionalisti\u010dke pokrete ili su bile deo otpora protiv Milo\u0161evi\u0107a i u borbi za prava \u017eena nezavisno od nacionalnih podela, \u017eene imaju svoje mo\u0107ne pri\u010de koje se ukr\u0161tavaju sa velikim istorijskim doga\u0111ajima u vremenu.<\/p>\n<p>&nbsp;<\/p>\n","protected":false},"excerpt":{"rendered":"<p>Usmene istorije \u017eena aktivistkinja nude jedinstven prostor koji omogu\u0107ava vidljivost i trajnost subjektivnosti \u017eenske istorije koja je bila stalno, ako&#8230;<\/p>\n","protected":false},"author":7,"featured_media":0,"parent":238,"menu_order":0,"comment_status":"closed","ping_status":"closed","template":"page-category.php","meta":{"footnotes":""},"class_list":["post-1002","page","type-page","status-publish","hentry"],"_links":{"self":[{"href":"https:\/\/oralhistorykosovo.org\/sr\/wp-json\/wp\/v2\/pages\/1002","targetHints":{"allow":["GET"]}}],"collection":[{"href":"https:\/\/oralhistorykosovo.org\/sr\/wp-json\/wp\/v2\/pages"}],"about":[{"href":"https:\/\/oralhistorykosovo.org\/sr\/wp-json\/wp\/v2\/types\/page"}],"author":[{"embeddable":true,"href":"https:\/\/oralhistorykosovo.org\/sr\/wp-json\/wp\/v2\/users\/7"}],"replies":[{"embeddable":true,"href":"https:\/\/oralhistorykosovo.org\/sr\/wp-json\/wp\/v2\/comments?post=1002"}],"version-history":[{"count":12,"href":"https:\/\/oralhistorykosovo.org\/sr\/wp-json\/wp\/v2\/pages\/1002\/revisions"}],"predecessor-version":[{"id":16056,"href":"https:\/\/oralhistorykosovo.org\/sr\/wp-json\/wp\/v2\/pages\/1002\/revisions\/16056"}],"up":[{"embeddable":true,"href":"https:\/\/oralhistorykosovo.org\/sr\/wp-json\/wp\/v2\/pages\/238"}],"wp:attachment":[{"href":"https:\/\/oralhistorykosovo.org\/sr\/wp-json\/wp\/v2\/media?parent=1002"}],"curies":[{"name":"wp","href":"https:\/\/api.w.org\/{rel}","templated":true}]}}