{"id":994,"date":"2016-04-05T10:10:07","date_gmt":"2016-04-05T10:10:07","guid":{"rendered":"http:\/\/oralhistorykosovo.org\/sq\/hulumtime\/the-second-wold-war\/"},"modified":"2017-11-04T21:13:18","modified_gmt":"2017-11-04T21:13:18","slug":"the-second-wold-war","status":"publish","type":"page","link":"https:\/\/oralhistorykosovo.org\/sq\/hulumtime\/the-second-wold-war\/","title":{"rendered":"Lufta e dyt\u00eb bot\u00ebrore n\u00eb Kosov\u00eb"},"content":{"rendered":"<p style=\"text-align: justify;\">Hulumtimi mbi Luft\u00ebn e Dyt\u00eb bot\u00ebrore n\u00eb Kosov\u00eb synon t\u00eb sfidoj\u00eb iden\u00eb q\u00eb egzsiton vet\u00ebm nj\u00eb e v\u00ebrtet\u00eb mbi historin\u00eb e Kosov\u00ebs gjat\u00eb Luft\u00ebs s\u00eb Dyt\u00eb bot\u00ebrore, ose q\u00eb nj\u00eb grup, qofshin ata Shqiptar\u00eb apo Serb, nacionalist apo socialist, e zot\u00ebron at\u00eb t\u00eb v\u00ebrtet\u00eb. N\u00ebp\u00ebrmjet intervistave t\u00eb historis\u00eb gojore me gjenerat\u00ebn q\u00eb e kan\u00eb p\u00ebrjetuar luft\u00ebn n\u00eb fjal\u00eb (kurdo q\u00eb ajo \u00ebsht\u00eb e mundur), apo d\u00ebshmit\u00eb e pasardh\u00ebsve t\u00eb tyre, ne jemi t\u00eb p\u00ebrkushtuar n\u00eb mbledhjen e t\u00eb gjitha tregimeve, duke i p\u00ebrfshir\u00eb k\u00ebtu edhe ato q\u00eb nuk trajtohen shpesh, pa marr\u00eb parasysh a propagandohen nga sheti, kombi apo grupimi politik.<\/p>\n","protected":false},"excerpt":{"rendered":"<p>Hulumtimi mbi Luft\u00ebn e Dyt\u00eb bot\u00ebrore n\u00eb Kosov\u00eb synon t\u00eb sfidoj\u00eb iden\u00eb q\u00eb egzsiton vet\u00ebm nj\u00eb e v\u00ebrtet\u00eb mbi historin\u00eb&#8230;<\/p>\n","protected":false},"author":7,"featured_media":335,"parent":237,"menu_order":0,"comment_status":"closed","ping_status":"closed","template":"page-category.php","meta":{"footnotes":""},"class_list":["post-994","page","type-page","status-publish","has-post-thumbnail","hentry"],"_links":{"self":[{"href":"https:\/\/oralhistorykosovo.org\/sq\/wp-json\/wp\/v2\/pages\/994","targetHints":{"allow":["GET"]}}],"collection":[{"href":"https:\/\/oralhistorykosovo.org\/sq\/wp-json\/wp\/v2\/pages"}],"about":[{"href":"https:\/\/oralhistorykosovo.org\/sq\/wp-json\/wp\/v2\/types\/page"}],"author":[{"embeddable":true,"href":"https:\/\/oralhistorykosovo.org\/sq\/wp-json\/wp\/v2\/users\/7"}],"replies":[{"embeddable":true,"href":"https:\/\/oralhistorykosovo.org\/sq\/wp-json\/wp\/v2\/comments?post=994"}],"version-history":[{"count":12,"href":"https:\/\/oralhistorykosovo.org\/sq\/wp-json\/wp\/v2\/pages\/994\/revisions"}],"predecessor-version":[{"id":11719,"href":"https:\/\/oralhistorykosovo.org\/sq\/wp-json\/wp\/v2\/pages\/994\/revisions\/11719"}],"up":[{"embeddable":true,"href":"https:\/\/oralhistorykosovo.org\/sq\/wp-json\/wp\/v2\/pages\/237"}],"wp:featuredmedia":[{"embeddable":true,"href":"https:\/\/oralhistorykosovo.org\/sq\/wp-json\/wp\/v2\/media\/335"}],"wp:attachment":[{"href":"https:\/\/oralhistorykosovo.org\/sq\/wp-json\/wp\/v2\/media?parent=994"}],"curies":[{"name":"wp","href":"https:\/\/api.w.org\/{rel}","templated":true}]}}