{"id":989,"date":"2016-04-05T10:06:11","date_gmt":"2016-04-05T10:06:11","guid":{"rendered":"http:\/\/oralhistorykosovo.org\/sq\/hulumtime\/blood-feuds-reconciliations\/"},"modified":"2025-06-05T10:55:41","modified_gmt":"2025-06-05T10:55:41","slug":"blood-feuds-reconciliations","status":"publish","type":"page","link":"https:\/\/oralhistorykosovo.org\/sq\/hulumtime\/blood-feuds-reconciliations\/","title":{"rendered":"Fushata e Pajtimit t\u00eb Gjaqeve 1990-1991"},"content":{"rendered":"<p style=\"text-align: justify;\"><span style=\"font-weight: 400;\">Hulumtimi mbi fushat\u00ebn e pajtimit t\u00eb gjaqeve \u00ebsht\u00eb p\u00ebrq\u00ebndruar n\u00eb ngjarjet t\u00eb cilat kan\u00eb ndodhur n\u00eb Kosov\u00ebn e viteve 1990-1991, n\u00eb fillim t\u00eb regjimit represiv t\u00eb Millosheviqit. Duke i mbledhur historit\u00eb gojore n\u00ebmp\u00ebrmjet intervistave me protagonist\u00ebt e koh\u00ebs \u2013 ish t\u00eb rinjt\u00eb t\u00eb burgosurit politik, klerik\u00eb t\u00eb besimeve t\u00eb ndryshme fetare, shkrimtar\u00eb dhe studiues \u2013 ne synojm\u00eb t\u00eb krijojm\u00eb nj\u00eb arkiv\u00eb q\u00eb do t\u2019i jap\u00eb z\u00eb interpretimeve t\u00eb ndryshme dhe shpesh kontradiktore t\u00eb fushat\u00ebs, t\u00eb asaj kohe dhe pas saj. <\/span><\/p>\n","protected":false},"excerpt":{"rendered":"<p>Hulumtimi mbi fushat\u00ebn e pajtimit t\u00eb gjaqeve \u00ebsht\u00eb p\u00ebrq\u00ebndruar n\u00eb ngjarjet t\u00eb cilat kan\u00eb ndodhur n\u00eb Kosov\u00ebn e viteve 1990-1991,&#8230;<\/p>\n","protected":false},"author":7,"featured_media":0,"parent":237,"menu_order":0,"comment_status":"closed","ping_status":"closed","template":"page-category.php","meta":{"footnotes":""},"class_list":["post-989","page","type-page","status-publish","hentry"],"_links":{"self":[{"href":"https:\/\/oralhistorykosovo.org\/sq\/wp-json\/wp\/v2\/pages\/989","targetHints":{"allow":["GET"]}}],"collection":[{"href":"https:\/\/oralhistorykosovo.org\/sq\/wp-json\/wp\/v2\/pages"}],"about":[{"href":"https:\/\/oralhistorykosovo.org\/sq\/wp-json\/wp\/v2\/types\/page"}],"author":[{"embeddable":true,"href":"https:\/\/oralhistorykosovo.org\/sq\/wp-json\/wp\/v2\/users\/7"}],"replies":[{"embeddable":true,"href":"https:\/\/oralhistorykosovo.org\/sq\/wp-json\/wp\/v2\/comments?post=989"}],"version-history":[{"count":13,"href":"https:\/\/oralhistorykosovo.org\/sq\/wp-json\/wp\/v2\/pages\/989\/revisions"}],"predecessor-version":[{"id":22303,"href":"https:\/\/oralhistorykosovo.org\/sq\/wp-json\/wp\/v2\/pages\/989\/revisions\/22303"}],"up":[{"embeddable":true,"href":"https:\/\/oralhistorykosovo.org\/sq\/wp-json\/wp\/v2\/pages\/237"}],"wp:attachment":[{"href":"https:\/\/oralhistorykosovo.org\/sq\/wp-json\/wp\/v2\/media?parent=989"}],"curies":[{"name":"wp","href":"https:\/\/api.w.org\/{rel}","templated":true}]}}