{"id":22570,"date":"2025-06-06T08:35:43","date_gmt":"2025-06-06T08:35:43","guid":{"rendered":"https:\/\/oralhistorykosovo.org\/hulumtime\/kosovo-modernist-artists\/"},"modified":"2025-06-14T07:48:18","modified_gmt":"2025-06-14T07:48:18","slug":"kosovo-modernist-artists","status":"publish","type":"page","link":"https:\/\/oralhistorykosovo.org\/sq\/hulumtime\/kosovo-modernist-artists\/","title":{"rendered":"Artist\u00ebt Modern\u00eb Vizual\u00eb t\u00eb Kosov\u00ebs"},"content":{"rendered":"<p data-start=\"40\" data-end=\"939\">Ky koleksion i intervistave t\u00eb historis\u00eb gojore dokumenton jet\u00ebn e artist\u00ebve dhe profesionist\u00ebve t\u00eb artit t\u00eb cil\u00ebt punuan n\u00eb Kosov\u00eb dhe ishin aktiv\u00eb n\u00eb kontekstin lokal t\u00eb artit gjat\u00eb viteve 1970 dhe m\u00eb tej. Gjat\u00eb dy dekadave n\u00eb vijim, shum\u00eb prej tyre gradualisht fituan njohje n\u00eb hap\u00ebsir\u00ebn m\u00eb t\u00eb gjer\u00eb t\u00eb artit jugosllav. Konteksti politik q\u00eb mund\u00ebsoi zhvillimin e arteve pamore gjat\u00eb k\u00ebsaj periudhe u b\u00eb p\u00ebrfaq\u00ebsues i epok\u00ebs s\u00eb art\u00eb t\u00eb Kosov\u00ebs n\u00eb Jugosllavi. Ishte nj\u00eb koh\u00eb e zhvillimit t\u00eb hovsh\u00ebm q\u00eb shpesh konsiderohet t\u00eb jet\u00eb n\u00eb thelb t\u00eb kujtes\u00ebs kolektive t\u00eb institucioneve kulturore. N\u00eb kuad\u00ebr t\u00eb k\u00ebtyre p\u00ebrpjekjeve p\u00ebr nd\u00ebrtimin e infrastruktur\u00ebs kulturore, n\u00eb vitin 1979 u themelua Galeria e Arteve n\u00eb Prishtin\u00eb\u2014tani Galeria Komb\u00ebtare e Kosov\u00ebs\u2014duke u b\u00ebr\u00eb institucioni i par\u00eb q\u00eb definonte se si pun\u00ebt artistike do t\u00eb ekspozoheshin dhe do t\u2019i komunikoheshin publikut.<\/p>\n<p>Projekti i historis\u00eb gojore me artist\u00ebt modern\u00eb vizual\u00eb t\u00eb Kosov\u00ebs \u00ebsht\u00eb nisur n\u00eb fund t\u00eb vitit 2016 nga Iniciativa p\u00ebr Histori Gojore, n\u00eb bashk\u00ebpunim me <a href=\"https:\/\/www.galeriakombetare-rks.com\/storage\/app\/uploads\/public\/5e8\/33d\/0ad\/5e833d0adf6bd548069926.pdf\">Galerin\u00eb Komb\u00ebtare t\u00eb Kosov\u00ebs<\/a>. N\u00eb vitin 2022, ky koleksion i intervistave \u00ebsht\u00eb depozituar gjithashtu p\u00ebr ruajtje afatgjat\u00eb n\u00eb Arkivin Bot\u00ebror t\u00eb Arktikut (<a href=\"https:\/\/arcticworldarchive.org\/collection\/oral-history-from-kosovo\/\">Arctic World Archive<\/a>), Svalbard, Norvegji.<\/p>\n","protected":false},"excerpt":{"rendered":"<p>Ky koleksion i intervistave t\u00eb historis\u00eb gojore dokumenton jet\u00ebn e artist\u00ebve dhe profesionist\u00ebve t\u00eb artit t\u00eb cil\u00ebt punuan n\u00eb Kosov\u00eb&#8230;<\/p>\n","protected":false},"author":564,"featured_media":0,"parent":237,"menu_order":0,"comment_status":"closed","ping_status":"closed","template":"page-category.php","meta":{"footnotes":""},"class_list":["post-22570","page","type-page","status-publish","hentry"],"_links":{"self":[{"href":"https:\/\/oralhistorykosovo.org\/sq\/wp-json\/wp\/v2\/pages\/22570","targetHints":{"allow":["GET"]}}],"collection":[{"href":"https:\/\/oralhistorykosovo.org\/sq\/wp-json\/wp\/v2\/pages"}],"about":[{"href":"https:\/\/oralhistorykosovo.org\/sq\/wp-json\/wp\/v2\/types\/page"}],"author":[{"embeddable":true,"href":"https:\/\/oralhistorykosovo.org\/sq\/wp-json\/wp\/v2\/users\/564"}],"replies":[{"embeddable":true,"href":"https:\/\/oralhistorykosovo.org\/sq\/wp-json\/wp\/v2\/comments?post=22570"}],"version-history":[{"count":14,"href":"https:\/\/oralhistorykosovo.org\/sq\/wp-json\/wp\/v2\/pages\/22570\/revisions"}],"predecessor-version":[{"id":22976,"href":"https:\/\/oralhistorykosovo.org\/sq\/wp-json\/wp\/v2\/pages\/22570\/revisions\/22976"}],"up":[{"embeddable":true,"href":"https:\/\/oralhistorykosovo.org\/sq\/wp-json\/wp\/v2\/pages\/237"}],"wp:attachment":[{"href":"https:\/\/oralhistorykosovo.org\/sq\/wp-json\/wp\/v2\/media?parent=22570"}],"curies":[{"name":"wp","href":"https:\/\/api.w.org\/{rel}","templated":true}]}}