{"id":22311,"date":"2025-06-05T11:01:43","date_gmt":"2025-06-05T11:01:43","guid":{"rendered":"https:\/\/oralhistorykosovo.org\/hulumtime\/home-schools-of-the-1990s\/"},"modified":"2025-06-05T11:03:05","modified_gmt":"2025-06-05T11:03:05","slug":"home-schools-of-the-1990s","status":"publish","type":"page","link":"https:\/\/oralhistorykosovo.org\/sq\/hulumtime\/home-schools-of-the-1990s\/","title":{"rendered":"Sht\u00ebpit\u00eb shkolla t\u00eb viteve 1990"},"content":{"rendered":"<p data-start=\"920\" data-end=\"1734\">Pas suprimimit t\u00eb autonomis\u00eb s\u00eb Kosov\u00ebs n\u00eb vitin 1989 dhe p\u00ebrjashtimit sistematik t\u00eb shqiptar\u00ebve nga institucionet publike n\u00ebn Republik\u00ebn Federale t\u00eb Jugosllavis\u00eb, n\u00eb vitet \u201990 u krijua nj\u00eb sistem paralel arsimor. Me ndalimin e m\u00ebsimit n\u00eb gjuh\u00ebn shqipe, sht\u00ebpit\u00eb private, bodrumet dhe hap\u00ebsirat e improvizuara u shnd\u00ebrruan n\u00eb shkolla. M\u00ebsuesit, prind\u00ebrit dhe nx\u00ebn\u00ebsit bashk\u00ebpunuan p\u00ebr t\u00eb mbajtur arsimin gjall\u00eb p\u00ebrball\u00eb represionit shtet\u00ebror. K\u00ebto p\u00ebrpjekje nga vet\u00eb komuniteti nuk kishin t\u00eb b\u00ebnin vet\u00ebm me m\u00ebsimdh\u00ebnien, por ishin edhe nj\u00eb form\u00eb e ruajtjes s\u00eb identitetit kulturor dhe e ushtrimit t\u00eb agjenc\u00ebs politike. Historit\u00eb gojore t\u00eb atyre q\u00eb dhan\u00eb dhe mor\u00ebn m\u00ebsim n\u00eb k\u00ebto rrethana zbulojn\u00eb rr\u00ebfime t\u00eb q\u00ebndres\u00ebs, frik\u00ebs dhe sfid\u00ebs s\u00eb p\u00ebrditshme.<\/p>\n","protected":false},"excerpt":{"rendered":"<p>Pas suprimimit t\u00eb autonomis\u00eb s\u00eb Kosov\u00ebs n\u00eb vitin 1989 dhe p\u00ebrjashtimit sistematik t\u00eb shqiptar\u00ebve nga institucionet publike n\u00ebn Republik\u00ebn Federale&#8230;<\/p>\n","protected":false},"author":564,"featured_media":0,"parent":237,"menu_order":0,"comment_status":"closed","ping_status":"closed","template":"page-category.php","meta":{"footnotes":""},"class_list":["post-22311","page","type-page","status-publish","hentry"],"_links":{"self":[{"href":"https:\/\/oralhistorykosovo.org\/sq\/wp-json\/wp\/v2\/pages\/22311","targetHints":{"allow":["GET"]}}],"collection":[{"href":"https:\/\/oralhistorykosovo.org\/sq\/wp-json\/wp\/v2\/pages"}],"about":[{"href":"https:\/\/oralhistorykosovo.org\/sq\/wp-json\/wp\/v2\/types\/page"}],"author":[{"embeddable":true,"href":"https:\/\/oralhistorykosovo.org\/sq\/wp-json\/wp\/v2\/users\/564"}],"replies":[{"embeddable":true,"href":"https:\/\/oralhistorykosovo.org\/sq\/wp-json\/wp\/v2\/comments?post=22311"}],"version-history":[{"count":2,"href":"https:\/\/oralhistorykosovo.org\/sq\/wp-json\/wp\/v2\/pages\/22311\/revisions"}],"predecessor-version":[{"id":22315,"href":"https:\/\/oralhistorykosovo.org\/sq\/wp-json\/wp\/v2\/pages\/22311\/revisions\/22315"}],"up":[{"embeddable":true,"href":"https:\/\/oralhistorykosovo.org\/sq\/wp-json\/wp\/v2\/pages\/237"}],"wp:attachment":[{"href":"https:\/\/oralhistorykosovo.org\/sq\/wp-json\/wp\/v2\/media?parent=22311"}],"curies":[{"name":"wp","href":"https:\/\/api.w.org\/{rel}","templated":true}]}}