{"id":22292,"date":"2025-06-05T10:51:24","date_gmt":"2025-06-05T10:51:24","guid":{"rendered":"https:\/\/oralhistorykosovo.org\/hulumtime\/miners-strike-1989\/"},"modified":"2025-06-05T10:52:33","modified_gmt":"2025-06-05T10:52:33","slug":"miners-strike-1989","status":"publish","type":"page","link":"https:\/\/oralhistorykosovo.org\/sq\/hulumtime\/miners-strike-1989\/","title":{"rendered":"Greva e Minator\u00ebve 1989"},"content":{"rendered":"<p>Greva e Minator\u00ebve t\u00eb Trep\u00e7\u00ebs filloi m\u00eb 20 shkurt, 1989 dhe zgjati tet\u00eb dit\u00eb. Minator\u00ebt k\u00ebrkuan t\u00eb drejtat kushtetuese dhe protestuan kund\u00ebr revokimit t\u00eb autonomis\u00eb s\u00eb Kosov\u00ebs t\u00eb garantuar sipas Kushtetut\u00ebs s\u00eb vitit 1974 t\u00eb Jugosllavis\u00eb Socialiste. Kultura e pun\u00ebs s\u00eb minator\u00ebve ka qen\u00eb esenciale p\u00ebrbrenda ideologjis\u00eb s\u00eb socializmit jugosllav. Meqen\u00ebse miniera p\u00ebrfaq\u00ebsonte nj\u00eb dimension t\u00eb r\u00ebnd\u00ebsish\u00ebm p\u00ebr ekonomin\u00eb e vendit, kur minator\u00ebt u p\u00ebrcaktuan p\u00ebr grev\u00eb urie, jeta ekonomike gati se u mbyll n\u00eb tan\u00ebsi.<\/p>\n<p>Historit\u00eb gojore me minator\u00ebt kan\u00eb p\u00ebr q\u00ebllim t\u00eb vendosin k\u00ebt\u00eb ngjarje n\u00eb nj\u00eb kontekst m\u00eb t\u00eb gj\u00ebr\u00eb historik, dhe po ashtu t\u00eb vej\u00eb n\u00eb pah dimensionin njer\u00ebzor dhe prezantoj\u00eb historit\u00eb e vogla q\u00eb kan\u00eb ndodhur n\u00eb k\u00ebt\u00eb mes.<\/p>\n<p>Intervistat jan\u00eb realizuar n\u00eb partneritet me<a href=\"https:\/\/web.archive.org\/web\/20241126234947\/https:\/\/www.forumzfd.de\/en\/western-balkans\"> ForumZFD <\/a>\u2013 Programi n\u00eb Kosov\u00eb dhe BMZ.<\/p>\n","protected":false},"excerpt":{"rendered":"<p>Greva e Minator\u00ebve t\u00eb Trep\u00e7\u00ebs filloi m\u00eb 20 shkurt, 1989 dhe zgjati tet\u00eb dit\u00eb. Minator\u00ebt k\u00ebrkuan t\u00eb drejtat kushtetuese dhe&#8230;<\/p>\n","protected":false},"author":564,"featured_media":0,"parent":237,"menu_order":0,"comment_status":"closed","ping_status":"closed","template":"page-category.php","meta":{"footnotes":""},"class_list":["post-22292","page","type-page","status-publish","hentry"],"_links":{"self":[{"href":"https:\/\/oralhistorykosovo.org\/sq\/wp-json\/wp\/v2\/pages\/22292","targetHints":{"allow":["GET"]}}],"collection":[{"href":"https:\/\/oralhistorykosovo.org\/sq\/wp-json\/wp\/v2\/pages"}],"about":[{"href":"https:\/\/oralhistorykosovo.org\/sq\/wp-json\/wp\/v2\/types\/page"}],"author":[{"embeddable":true,"href":"https:\/\/oralhistorykosovo.org\/sq\/wp-json\/wp\/v2\/users\/564"}],"replies":[{"embeddable":true,"href":"https:\/\/oralhistorykosovo.org\/sq\/wp-json\/wp\/v2\/comments?post=22292"}],"version-history":[{"count":1,"href":"https:\/\/oralhistorykosovo.org\/sq\/wp-json\/wp\/v2\/pages\/22292\/revisions"}],"predecessor-version":[{"id":22294,"href":"https:\/\/oralhistorykosovo.org\/sq\/wp-json\/wp\/v2\/pages\/22292\/revisions\/22294"}],"up":[{"embeddable":true,"href":"https:\/\/oralhistorykosovo.org\/sq\/wp-json\/wp\/v2\/pages\/237"}],"wp:attachment":[{"href":"https:\/\/oralhistorykosovo.org\/sq\/wp-json\/wp\/v2\/media?parent=22292"}],"curies":[{"name":"wp","href":"https:\/\/api.w.org\/{rel}","templated":true}]}}