{"id":22282,"date":"2025-06-05T10:44:18","date_gmt":"2025-06-05T10:44:18","guid":{"rendered":"https:\/\/oralhistorykosovo.org\/hulumtime\/former-political-prisoners-of-yugoslavia\/"},"modified":"2025-06-05T10:46:56","modified_gmt":"2025-06-05T10:46:56","slug":"former-political-prisoners-of-yugoslavia","status":"publish","type":"page","link":"https:\/\/oralhistorykosovo.org\/sq\/hulumtime\/former-political-prisoners-of-yugoslavia\/","title":{"rendered":"Ish t\u00eb Burgosurit Politik\u00eb n\u00eb Jugosllavi"},"content":{"rendered":"<p>Ish t\u00eb burgosurit politik\u00eb n\u00eb Kosov\u00eb t\u00eb periudh\u00ebs jugosllave, kryesisht ishin t\u00eb d\u00ebnuar p\u00ebr irredentiz\u00ebm dhe aktivitet nacionalist, dhe konsideroheshin armiq t\u00eb brendsh\u00ebm t\u00eb Jugosllavis\u00eb. Identifikoheshin si Ilegalja, nj\u00eb termi p\u00ebrgjithsh\u00ebm p\u00ebr grupet ilegale t\u00eb organizuara n\u00eb treshe. L\u00ebvizjet politike t\u00eb k\u00ebsaj periudhe ende mbeten t\u00eb panjohura p\u00ebr shkak t\u00eb form\u00ebs s\u00eb aktivizmit politik q\u00eb ka vepruar n\u00eb fsheht\u00ebsi. Sot trash\u00ebgimia politike e Ilegal\u00ebs diskutohet p\u00ebrbrenda konteksteve t\u00eb ndryshme historike. Narrativat kontradiktore rreth k\u00ebtyre l\u00ebvizjeve politike th\u00ebrret p\u00ebr nj\u00eb m\u00ebnyr\u00eb t\u00eb re t\u00eb nd\u00ebrmjet\u00ebsimit t\u00eb k\u00ebsaj trash\u00ebgimije v\u00ebshtir\u00eb t\u00eb qasshme.<\/p>\n","protected":false},"excerpt":{"rendered":"<p>Ish t\u00eb burgosurit politik\u00eb n\u00eb Kosov\u00eb t\u00eb periudh\u00ebs jugosllave, kryesisht ishin t\u00eb d\u00ebnuar p\u00ebr irredentiz\u00ebm dhe aktivitet nacionalist, dhe konsideroheshin&#8230;<\/p>\n","protected":false},"author":564,"featured_media":0,"parent":237,"menu_order":0,"comment_status":"closed","ping_status":"closed","template":"page-category.php","meta":{"footnotes":""},"class_list":["post-22282","page","type-page","status-publish","hentry"],"_links":{"self":[{"href":"https:\/\/oralhistorykosovo.org\/sq\/wp-json\/wp\/v2\/pages\/22282","targetHints":{"allow":["GET"]}}],"collection":[{"href":"https:\/\/oralhistorykosovo.org\/sq\/wp-json\/wp\/v2\/pages"}],"about":[{"href":"https:\/\/oralhistorykosovo.org\/sq\/wp-json\/wp\/v2\/types\/page"}],"author":[{"embeddable":true,"href":"https:\/\/oralhistorykosovo.org\/sq\/wp-json\/wp\/v2\/users\/564"}],"replies":[{"embeddable":true,"href":"https:\/\/oralhistorykosovo.org\/sq\/wp-json\/wp\/v2\/comments?post=22282"}],"version-history":[{"count":3,"href":"https:\/\/oralhistorykosovo.org\/sq\/wp-json\/wp\/v2\/pages\/22282\/revisions"}],"predecessor-version":[{"id":22285,"href":"https:\/\/oralhistorykosovo.org\/sq\/wp-json\/wp\/v2\/pages\/22282\/revisions\/22285"}],"up":[{"embeddable":true,"href":"https:\/\/oralhistorykosovo.org\/sq\/wp-json\/wp\/v2\/pages\/237"}],"wp:attachment":[{"href":"https:\/\/oralhistorykosovo.org\/sq\/wp-json\/wp\/v2\/media?parent=22282"}],"curies":[{"name":"wp","href":"https:\/\/api.w.org\/{rel}","templated":true}]}}