{"id":22237,"date":"2025-06-05T07:19:14","date_gmt":"2025-06-05T07:19:14","guid":{"rendered":"https:\/\/oralhistorykosovo.org\/hulumtime\/the-multiple-voices-of-a-country-in-conflict-a-project-by-rit-kosovo-young-researchers\/"},"modified":"2025-06-05T08:21:55","modified_gmt":"2025-06-05T08:21:55","slug":"the-multiple-voices-of-a-country-in-conflict-a-project-by-rit-kosovo-young-researchers","status":"publish","type":"page","link":"https:\/\/oralhistorykosovo.org\/sq\/hulumtime\/the-multiple-voices-of-a-country-in-conflict-a-project-by-rit-kosovo-young-researchers\/","title":{"rendered":"Z\u00ebrat e Shumt\u00eb t\u00eb nj\u00eb Vendi n\u00eb Konflikt: Nj\u00eb Projekt nga Hulumtuesit e Rinj t\u00eb RIT-Kosov\u00ebs"},"content":{"rendered":"<p data-start=\"92\" data-end=\"547\">N\u00eb pranver\u00ebn e vitit 2025, Anna Di Lellio ligj\u00ebroi p\u00ebr Historin\u00eb Gojore n\u00eb Institutin e Teknologjis\u00eb t\u00eb Rochesterit n\u00eb Kosov\u00eb. Student\u00ebt e regjistruar n\u00eb k\u00ebt\u00eb l\u00ebnd\u00eb shpejt zbuluan mund\u00ebsit\u00eb q\u00eb ofron historia gojore. Ata m\u00ebsuan se si rr\u00ebfimet e jet\u00ebs mund t\u00eb ilustrojn\u00eb m\u00ebnyr\u00ebn se si nd\u00ebrthuren tregimet individuale me ngjarjet m\u00eb t\u00eb gjera historike dhe se si identiteti kulturor i pranish\u00ebm n\u00eb k\u00ebto rr\u00ebfime nd\u00ebrton nj\u00eb narrativ\u00eb kolektive t\u00eb komunitetit.<\/p>\n<p data-start=\"549\" data-end=\"828\" data-is-last-node=\"\" data-is-only-node=\"\">Intervistat q\u00eb k\u00ebta hulumtues t\u00eb rinj kan\u00eb mbledhur e b\u00ebjn\u00eb historin\u00eb e fundit t\u00eb Kosov\u00ebs t\u00eb gjall\u00eb p\u00ebrmes z\u00ebrave t\u00eb shumt\u00eb t\u00eb luft\u00ebs dhe pasojave t\u00eb saj: luft\u00ebtar\u00ebt, komandant\u00ebt, f\u00ebmij\u00ebt e luft\u00ebs, viktimat dhe udh\u00ebheq\u00ebsit civil\u00eb, nd\u00ebrmjet\u00ebsuesit, nd\u00ebrkomb\u00ebtar\u00ebt dhe humanitar\u00ebt.<\/p>\n","protected":false},"excerpt":{"rendered":"<p>N\u00eb pranver\u00ebn e vitit 2025, Anna Di Lellio ligj\u00ebroi p\u00ebr Historin\u00eb Gojore n\u00eb Institutin e Teknologjis\u00eb t\u00eb Rochesterit n\u00eb Kosov\u00eb&#8230;.<\/p>\n","protected":false},"author":564,"featured_media":0,"parent":237,"menu_order":0,"comment_status":"closed","ping_status":"closed","template":"page-category.php","meta":{"footnotes":""},"class_list":["post-22237","page","type-page","status-publish","hentry"],"_links":{"self":[{"href":"https:\/\/oralhistorykosovo.org\/sq\/wp-json\/wp\/v2\/pages\/22237","targetHints":{"allow":["GET"]}}],"collection":[{"href":"https:\/\/oralhistorykosovo.org\/sq\/wp-json\/wp\/v2\/pages"}],"about":[{"href":"https:\/\/oralhistorykosovo.org\/sq\/wp-json\/wp\/v2\/types\/page"}],"author":[{"embeddable":true,"href":"https:\/\/oralhistorykosovo.org\/sq\/wp-json\/wp\/v2\/users\/564"}],"replies":[{"embeddable":true,"href":"https:\/\/oralhistorykosovo.org\/sq\/wp-json\/wp\/v2\/comments?post=22237"}],"version-history":[{"count":3,"href":"https:\/\/oralhistorykosovo.org\/sq\/wp-json\/wp\/v2\/pages\/22237\/revisions"}],"predecessor-version":[{"id":22240,"href":"https:\/\/oralhistorykosovo.org\/sq\/wp-json\/wp\/v2\/pages\/22237\/revisions\/22240"}],"up":[{"embeddable":true,"href":"https:\/\/oralhistorykosovo.org\/sq\/wp-json\/wp\/v2\/pages\/237"}],"wp:attachment":[{"href":"https:\/\/oralhistorykosovo.org\/sq\/wp-json\/wp\/v2\/media?parent=22237"}],"curies":[{"name":"wp","href":"https:\/\/api.w.org\/{rel}","templated":true}]}}