{"id":16112,"date":"2019-09-06T13:52:16","date_gmt":"2019-09-06T13:52:16","guid":{"rendered":"http:\/\/oralhistorykosovo.org\/prwalks-privacy-policy\/"},"modified":"2019-10-09T09:22:48","modified_gmt":"2019-10-09T09:22:48","slug":"prwalks-privacy-policy","status":"publish","type":"page","link":"https:\/\/oralhistorykosovo.org\/sq\/prwalks-privacy-policy\/","title":{"rendered":"Privacy Policy"},"content":{"rendered":"<p>&nbsp;<\/p>\n<p>Kushtet n\u00eb vazhdim jan\u00eb t\u00eb detyrueshme p\u00ebr secilin p\u00ebrdorues q\u00eb p\u00ebrdor apo pranon sh\u00ebrbime nga aplikacioni mobil Prishina Ec\u00eb. P\u00ebrdoruesi pranon t\u00eb jet\u00eb i lidhur m\u00eb k\u00ebto Kushte t\u00eb P\u00ebrdorimit \u00e7do her\u00eb q\u00eb p\u00ebrdoruesi e p\u00ebrdor\u00eb aplikacionin mobil. Iniciativa e Historis\u00eb Gojore nxit\u00eb p\u00ebrdoruesit q\u00eb t\u00eb lexojn\u00eb k\u00ebto Kushte t\u00eb P\u00ebrdorimit me shum\u00eb kujdes.<\/p>\n<hr \/>\n<p><b>T\u00eb drejtat dhe p\u00ebrgjegj\u00ebsit\u00eb e p\u00ebrdorimit<\/b><\/p>\n<hr \/>\n<p>P\u00ebrdoruesit e aplikacionit Prishtina Ec\u00eb jan\u00eb t\u00eb detyruar t\u00eb p\u00ebrdorin p\u00ebrmbajten e tij me p\u00ebrgjegj\u00ebsi (video, audio dhe tekst) brenda korniz\u00ebs t\u00eb ligjeve dhe detyrimeve n\u00eb fuqi, duke i p\u00ebrfshir\u00eb k\u00ebto Kushte t\u00eb P\u00ebrdorimit. P\u00ebrmbajta e siguruar nga aplikacioni Prishtina Ec\u00eb gjithashtu p\u00ebrmban\u00eb materiale t\u00eb mbrojtura nga t\u00eb drejtat e autorit dhe mbrohet sipas t\u00eb gjitha ligjeve p\u00ebrkat\u00ebse t\u00eb pron\u00ebsis\u00eb intelektuale. Iniciativa e Historis\u00eb Gojore rezervon t\u00eb drejt\u00ebn t\u00eb nd\u00ebrmarr\u00eb veprime juridike kund\u00ebr \u00e7do pale q\u00eb shkel\u00eb k\u00ebto Kushte t\u00eb P\u00ebrdorimit dhe t\u00eb drejtat e tyre intelektuale.<\/p>\n<hr \/>\n<p><b>KONTRIBIMET E DH\u00cbNA NGA P\u00cbRDORUESIT<\/b><\/p>\n<p>Aplikacioni mobil Prishtina Ec\u00eb fton p\u00ebrdoruesit t\u00eb kontribojn\u00eb duke ua dh\u00ebn\u00eb mund\u00ebsin\u00eb t\u00eb paraqesin, postojn\u00eb, publikojn\u00eb, ose t\u00eb transmetojn\u00eb p\u00ebrmbajte dhe material, duke p\u00ebrfshir\u00eb, por jo t\u00eb kufizohen, tekste, shkrime, video, audio, fotografi, grafik\u00eb, komente, sugjerime dhe informata personale ose material tjet\u00ebr. KontribImet mund t\u00eb shihen nga p\u00ebrdorues t\u00eb tjer\u00eb t\u00eb aplikacionit Prishtina Ec\u00eb and nga faqet e internetit t\u00eb pal\u00ebs s\u00eb tret\u00eb. Si t\u00eb tilla, \u00e7do kontribim q\u00eb p\u00ebrdoruesi transmeton, nuk do t\u00eb publikohet para rishikimit nga hulumtuesit e Iniciaitiv\u00ebs s\u00eb Historis\u00eb Gojore. Ne mund t\u00eb i pranojm\u00eb, refuzojm\u00eb, ose t\u00eb fshijm\u00eb kontribimet sipas gjykimit ton\u00eb.<\/p>\n<hr \/>\n<p>Kur p\u00ebrdoruesi krijon apo v\u00eb n\u00eb dispozicion ndonj\u00eb kontribim, p\u00ebrdoruesi n\u00eb k\u00ebt\u00eb m\u00ebnyr\u00eb p\u00ebrfaq\u00ebson dhe garanton q\u00eb:<\/p>\n<ol>\n<li>Krijimi, shp\u00ebrndarja, transmetimi, shfaqja publike, ose performanca, aksesi, shkarkimi, ose kopjimi i kontribimeve nga p\u00ebrdoruesi nuk shkel dhe nuk do t\u00eb shkel t\u00eb drejtat e pronarit t\u00eb ndonj\u00eb pale t\u00eb tret\u00eb, duke p\u00ebrfshir\u00eb, por jo t\u00eb kufizoj, t\u00eb drejtat e autorit, patenta, shenj\u00eb dalluese, shenj\u00eb sekrete, ose t\u00eb drejtat morale t\u00eb nj\u00eb pale t\u00eb till\u00eb.<\/li>\n<li>P\u00ebrdoruesi para se t\u00eb paraqes ndonj\u00eb t\u00eb dh\u00ebn\u00eb \u00ebsht\u00eb krijuesi dhe\/ose zot\u00ebruesi i kontribimeve, ose ka licencat, t\u00eb drejtat, miratimin ose lej\u00ebn e nevojshme p\u00ebr t\u00eb p\u00ebrdorur dhe p\u00ebr t\u00eb autorizuar aplikacinin Prishtina Ec\u00eb dhe p\u00ebrdorues t\u00eb tjer\u00eb t\u00eb aplikacionit p\u00ebr t\u00eb p\u00ebrdorur kontribimet e p\u00ebrdoruesit n\u00eb \u00e7far\u00eb do m\u00ebnyre t\u00eb parashikuar nga aplikacioni dhe k\u00ebto Kushte t\u00eb P\u00ebrdorimit.<\/li>\n<li>P\u00ebrdoruesi ka miratim me shkrim, l\u00ebshim dhe\/ose leje nga secili person i identifikuesh\u00ebm n\u00eb kontribim t\u00eb i p\u00ebrdoret emri ose p\u00eblqimin i secilit nga personat e identifikuesh\u00ebm p\u00ebr t\u00eb mund\u00ebsuar p\u00ebrfshirjen dhe p\u00ebrdoirmin e kontribimeve n\u00eb \u00e7far\u00eb do m\u00ebnyre t\u00eb parashikuar nga aplikacioni Prishtina Ec\u00eb dhe nga k\u00ebto Kushte t\u00eb P\u00ebrdorimit.<\/li>\n<li>Kontribimet e p\u00ebrdoruesit nuk jan\u00eb t\u00eb rreme, t\u00eb pasakta ose mashtruese.<\/li>\n<li>Kontribimet e p\u00ebrdoruesit nuk jan\u00eb reklama t\u00eb pad\u00ebshruara ose t\u00eb pa autorizuara, materiale promovuese, skema piramidale, shkronja zinxhirore, spam, d\u00ebrgim i imelleve n\u00eb mas\u00eb, ose forma t\u00eb tjera t\u00eb k\u00ebrkimit.<\/li>\n<li>Kontribimet e p\u00ebrdoruesit nuk jan\u00eb t\u00eb turpshme, t\u00eb pista, epshore, t\u00eb ndryra, t\u00eb ashpra, ngacmime, shpif\u00ebse, t\u00eb rreme, ose p\u00ebrndryshe t\u00eb pak\u00ebnd\u00ebshme.<\/li>\n<li>Kontribimet e p\u00ebrdoruesit nuk p\u00ebrqeshin, tallen, p\u00ebr\u00e7ajn\u00eb, frik\u00ebsojn\u00eb apo abuzojn\u00eb me ask\u00ebnd.<\/li>\n<li>Kontribimet e p\u00ebrdoruesit nuk p\u00ebrkrahin rr\u00ebzimin e dhunsh\u00ebm t\u00eb ndonj\u00eb qeverie, apo nxitj\u00ebn, inkurajimin, ose k\u00ebrcnimin t\u00eb d\u00ebmit fizik ndaj nj\u00ebri-tjetrit.<\/li>\n<li>Kontribimet e p\u00ebrdoruesit nuk shkelin ndonj\u00eb ligj, rregullore, ose rregull t\u00eb zabtuesh\u00ebm.<\/li>\n<li>Kontribimet e p\u00ebrdoruesit nuk c\u00ebnojn\u00eb t\u00eb drejtat e privat\u00ebsis\u00eb ose publicitetit t\u00eb ndonj\u00eb pale t\u00eb tret\u00eb.<\/li>\n<li>Kontribimet e p\u00ebrdoruesit p\u00ebrndryshe nuk shkelin, ose lidhin materile t\u00eb cilat shkelin, \u00e7far\u00eb do dispozite t\u00eb k\u00ebtyre Kushteve t\u00eb P\u00ebrdorimit, ose \u00e7fare do ligji apo rregullore tjet\u00ebr n\u00eb fuqi.<\/li>\n<\/ol>\n<hr \/>\n<p>\u00c7do p\u00ebrdorim i aplikacionit mobil Prishtina Ec\u00eb n\u00eb kund\u00ebrshtim me p\u00ebrfaq\u00ebsimet e m\u00ebsip\u00ebrme thelb\u00ebsisht dhe materialisht q\u00eb i shkel k\u00ebto Kushte t\u00eb P\u00ebrdorimit mund t\u00eb rezultoj, nd\u00ebr t\u00eb tjera, n\u00eb nd\u00ebrprerje ose pezullim t\u00eb t\u00eb drejtave t\u00eb p\u00ebrdoruesit p\u00ebr t\u00eb p\u00ebrdorur aplikacionin Prishtina Ec\u00eb.<\/p>\n<hr \/>\n<p><b>Pajisjet Apple dhe Android<\/b><\/p>\n<p>Kushtet e m\u00eb poshtme zbatohen kur p\u00ebrdoruesi shkarkon aplikacionin Prishtina Ec\u00eb ose nga Apple Store ose nga Google Play: (1) licenca q\u00eb ju \u00ebsht\u00eb dh\u00ebn\u00eb p\u00ebr k\u00ebt\u00eb aplikacion \u00ebsht\u00eb licenc\u00eb e patransferueshm\u00eb p\u00ebr t\u00eb p\u00ebrdorur aplikacionin n\u00eb nj\u00eb pajisje q\u00eb p\u00ebrdor\u00eb sistemin operativ Apple iOS ose Android, si\u00e7 \u00ebsht\u00eb e zbatueshme, dhe n\u00eb p\u00ebrputhje me rregullat e p\u00ebrdorimit t\u00eb p\u00ebrcaktuara n\u00eb kushtet e sh\u00ebrbimit t\u00eb Shp\u00ebrndar\u00ebsit t\u00eb Aplikacionit; (2) ne jemi p\u00ebrgjegj\u00ebs p\u00ebr ofrimin e \u00e7do sh\u00ebrbimi t\u00eb mir\u00ebmbaj\u00ebs dhe ndihm\u00ebs n\u00eb lidhje me aplikacionin mobil si\u00e7 \u00ebsht\u00eb specifikuar n\u00eb Kushtet e P\u00ebrdorimit t\u00eb k\u00ebtij aplikacioni mobil t\u00eb licencuar e mbajtur n\u00eb k\u00ebto Kushte t\u00eb P\u00ebrdorimit ose p\u00ebrndyrshe si\u00e7 k\u00ebrkohet n\u00ebn ligjin n\u00eb fuqi, dhe pranoni se \u00e7do Shp\u00ebrndar\u00ebs i Aplikacionit nuk ka asnj\u00eb detyrim t\u00eb siguroj as nj\u00eb mir\u00ebmbajtje dhe t\u00eb mb\u00ebshtet\u00eb sh\u00ebrbime n\u00eb lidhje m\u00eb aplikacionin mobil; (3) n\u00eb rast t\u00eb ndonj\u00eb d\u00ebshtimi t\u00eb aplikcionit mobil n\u00eb p\u00ebrputhje me ndonj\u00eb autorizim t\u00eb zbatushem, mund t\u00eb lajm\u00ebroni Shp\u00ebrndar\u00ebsin e Aplikacionit, dhe Shp\u00ebrndar\u00ebsi i Aplikacionit, n\u00eb p\u00ebrputhje me kushtet dhe politikat e tyre, mund t\u00eb rimbursoj\u00eb \u00e7mimin e blerjes, n\u00ebse ka, q\u00eb \u00ebsht\u00eb paguar p\u00ebr aplikacionin mobil, dhe n\u00eb mas\u00ebn maksimale t\u00eb lejuar nga ligji n\u00eb fuqi, Shp\u00ebrndar\u00ebsii Aplikacionit nuk do t\u00eb ket\u00eb as nj\u00eb detyrim tjet\u00ebr garancie sa i p\u00ebrket aplikacionit mobil; (4) ju pranoni dhe pajtoheni q\u00eb Shp\u00ebrndar\u00ebsit e Aplikaconit jan\u00eb p\u00ebrfitues t\u00eb pal\u00ebs s\u00eb tret\u00eb t\u00eb kushteve t\u00eb licenc\u00ebs q\u00eb p\u00ebrmbahet n\u00eb k\u00ebto Kushte t\u00eb P\u00ebrdorimit, dhe q\u00eb secili Shp\u00ebrndar\u00ebs i Aplikacionit do t\u00eb ket\u00eb t\u00eb drejt\u00ebn (dhe konsiderohet t\u00eb k\u00ebt\u00eb pranuar k\u00ebt\u00eb t\u00eb drejt\u00eb) t\u00eb i zbatoj k\u00ebto kushte ndaj jush si p\u00ebrfitues i pal\u00ebs s\u00eb tret\u00eb.<\/p>\n<hr \/>\n<p><b>T\u00eb drejtat e autorit\u00a0<\/b><\/p>\n<p>Iniciativa e Historis\u00eb Gojore mbledh\u00eb histori nga fol\u00ebsit t\u00eb t\u00eb gjitha ecjeve t\u00eb jet\u00ebs, dhe nuk jan\u00eb t\u00eb transferueshme tek pal\u00ebt e treta. P\u00ebrmbajtja e aplikacionit Prishtina Ec\u00eb \u00ebsht\u00eb prodhuar nga Iniciativa e Historis\u00eb Gojore n\u00eb bashk\u00ebpunim me t\u00eb intervistuarit, dhe si e till\u00eb, konsiderohet si prodhim i p\u00ebrbashk\u00ebt sipas ligjeve n\u00eb fuqi p\u00ebr t\u00eb drejt\u00ebn e autorit.<\/p>\n<hr \/>\n<p>E gjith\u00eb p\u00ebrmbajtja mbrohet si pron\u00eb individuale dhe nuk mund t\u00eb p\u00ebrdoret pa lejen e Iniciativ\u00ebs p\u00ebr Histori Gojore. P\u00ebrdoruesi mund t\u00eb citoj transktiptet e video intervistave sipas nevoj\u00ebs p\u00ebr studime, ose hulumtime jo-komerciale, rishikime (vet\u00ebm vepra t\u00eb botuara), ose raportim aktual t\u00eb lajmeve (jo me fotografi) ose vepra t\u00eb ngjashm\u00eb profesionale. E m\u00ebsip\u00ebrmja nuk jep leje p\u00ebr t\u00eb kopjuar nj\u00eb vep\u00ebr t\u00eb plot\u00eb p\u00ebr \u00e7far\u00eb do arsye, n\u00eb t\u00eb gjitha rastet, p\u00ebrdoruesi duhet t\u00eb atriboj\u00eb dhe t\u00eb citoj Iniciativ\u00ebn e Historis\u00eb Gojore.<\/p>\n<hr \/>\n<p>Historit\u00eb e jet\u00ebs t\u00eb folsive tan\u00eb konsiderohen dhe trajtohen si personale. Megjithat\u00eb, ato kryq\u00ebzohen me histori t\u00eb vendbanimeve t\u00eb cilat Iniciativa e Historis\u00eb Gojore i hulumton. P\u00ebr k\u00ebt\u00eb dhe arsye tjera, n\u00eb asnj\u00eb rrethan\u00eb nuk mund t\u00eb p\u00ebrdoren pa leje ose t\u00eb keqp\u00ebrdoren n\u00eb \u00e7far\u00eb do forme.<\/p>\n<hr \/>\n<p>Iniciativa e Historis\u00eb Gojore nuk jep licenc\u00eb eksluzive. Licenca eksluzive n\u00ebnkupton dh\u00ebnj\u00ebn e t\u00eb drejtave nj\u00eb pale tjet\u00ebr p\u00ebr t\u00eb p\u00ebrdorur pron\u00ebsin\u00eb intelektuale t\u00eb Iniciativ\u00ebs s\u00eb Historis\u00eb Gojore, pa transferimin e t\u00eb drejt\u00ebs se autorit t\u00eb asaj pale.<\/p>\n<hr \/>\n<p>\u00c7do kopje, transmetim, publikim, riprodhim apo p\u00ebrdorim tjet\u00ebr i videove, fotografive ose teksteve t\u00eb aplikacionit mobil Prishtina Ec\u00eb pa lej\u00ebn e Iniciativ\u00ebs s\u00eb Historis\u00eb Gojore \u00ebsht\u00eb i ndaluar. Iniciativa e Historis\u00eb Gojore ka t\u00eb drejt\u00ebn p\u00ebr t\u00eb nd\u00ebrmarr\u00eb veprime juridike ndaj \u00e7do pale q\u00eb shkel k\u00ebto Kushte t\u00eb P\u00ebrdorimit ose te drejtat e tyre t\u00eb pron\u00ebs intelektuale.<\/p>\n<hr \/>\n<p><b>Ligji i zbatuesh\u00ebm dhe juridiksioni<\/b><\/p>\n<hr \/>\n<p>Duke pasur qasje n\u00eb aplikacionin mobil Prishtina Ec\u00eb, p\u00ebrdoruesi i n\u00ebnshtrohet juridiksionit ekskluziv t\u00eb gjykatave t\u00eb Republik\u00ebs t\u00eb Kosov\u00ebs, p\u00ebr \u00e7do mosmarr\u00ebveshje q\u00eb lind ose lidhet me k\u00ebto Kushte t\u00eb P\u00ebrdorimit.<\/p>\n<hr \/>\n<p>P\u00ebrmbajtja e aplikacionit mobil Prishtina Ec\u00eb \u00ebsht\u00eb n\u00ebn mbrojtje gjyq\u00ebsore t\u00eb ligjit p\u00ebr t\u00eb Drejtat e Autorit dhe t\u00eb Drejtat e P\u00ebraf\u00ebrta t\u00eb Republik\u00ebs t\u00eb Kosov\u00ebs dhe Kodit Penal t\u00eb Republik\u00ebs s\u00eb Kosov\u00ebs, dhe ligjeve tjera q\u00eb mbrojn\u00eb t\u00eb drejt\u00ebn e autorit. N\u00eb p\u00ebrputhje me k\u00ebto ligje, Iniciativa p\u00ebr Histori Gojore rezervon t\u00eb drejt\u00ebn t\u00eb nd\u00ebrmarr\u00eb veprime juridike kund\u00ebr \u00e7do p\u00ebrdoruesi q\u00eb shkel k\u00ebto kushte dhe ligjin.<\/p>\n<hr \/>\n<p>Sipas nenit 181 t\u00eb ligjit p\u00ebr t\u00eb Drejtat e Autorit Dhe t\u00eb Drejtat e P\u00ebraf\u00ebrta t\u00eb Republik\u00ebs t\u00eb Kosov\u00ebs, n\u00eb rast t\u00eb shkeljes s\u00eb t\u00eb drejtave ekskluzive, bart\u00ebsi i t\u00eb drejt\u00ebs mund t\u00eb k\u00ebrkoj\u00eb: gjetjen e ekzistimit t\u00eb shkelj\u00ebs s\u00eb t\u00eb drejt\u00ebs, vazhdimin e shkeljes, kompensimin e d\u00ebmit material, kompensimin e d\u00ebmit jo material.<\/p>\n<hr \/>\n<p>Shkelja e t\u00eb drejt\u00ebs s\u00eb autorit gjithashtu do t\u00eb d\u00ebnohet si vep\u00ebr penale, me gjob\u00eb dhe\/ose burgim, n\u00eb p\u00ebrputhje me Kodin Penal t\u00eb Republik\u00ebs t\u00eb Kosov\u00ebs, neni 296.\u00a0 Kushdo q\u00eb pa autorizim p\u00ebrdor pun\u00ebn e mbrojtur me t\u00eb drejtat e autorit ose tem\u00ebn e \u00e7\u00ebshtjes s\u00eb nd\u00ebrlidhur me k\u00ebto t\u00eb drejta, d\u00ebnohet me burgim deri n\u00eb tre (3) vjet.<\/p>\n<hr \/>\n<p>P\u00ebrdoruesit jan\u00eb t\u00eb detyruar t\u00eb p\u00ebrdorin p\u00ebrmbajten e aplikacionit me respekt dhe t\u00eb p\u00ebrmbahen nga veprimet e kund\u00ebrligjshme, si publikimi pa citim t\u00eb burimit, sepse ajo konsiderohet keqp\u00ebrdorim i t\u00eb dh\u00ebnave dhe informacionit. Pajtueshm\u00ebria me k\u00ebto Kushte t\u00eb P\u00ebrdorimit dhe t\u00eb gjitha ligjeve, rregullave dhe rregulloreve n\u00eb fuqi t\u00eb lidhura me sh\u00ebrbimet e ofruara \u00ebsht\u00eb e detyrueshme.<\/p>\n","protected":false},"excerpt":{"rendered":"<p>&nbsp; Kushtet n\u00eb vazhdim jan\u00eb t\u00eb detyrueshme p\u00ebr secilin p\u00ebrdorues q\u00eb p\u00ebrdor apo pranon sh\u00ebrbime nga aplikacioni mobil Prishina Ec\u00eb&#8230;.<\/p>\n","protected":false},"author":1,"featured_media":0,"parent":0,"menu_order":0,"comment_status":"closed","ping_status":"closed","template":"","meta":{"footnotes":""},"class_list":["post-16112","page","type-page","status-publish","hentry"],"_links":{"self":[{"href":"https:\/\/oralhistorykosovo.org\/sq\/wp-json\/wp\/v2\/pages\/16112","targetHints":{"allow":["GET"]}}],"collection":[{"href":"https:\/\/oralhistorykosovo.org\/sq\/wp-json\/wp\/v2\/pages"}],"about":[{"href":"https:\/\/oralhistorykosovo.org\/sq\/wp-json\/wp\/v2\/types\/page"}],"author":[{"embeddable":true,"href":"https:\/\/oralhistorykosovo.org\/sq\/wp-json\/wp\/v2\/users\/1"}],"replies":[{"embeddable":true,"href":"https:\/\/oralhistorykosovo.org\/sq\/wp-json\/wp\/v2\/comments?post=16112"}],"version-history":[{"count":2,"href":"https:\/\/oralhistorykosovo.org\/sq\/wp-json\/wp\/v2\/pages\/16112\/revisions"}],"predecessor-version":[{"id":21512,"href":"https:\/\/oralhistorykosovo.org\/sq\/wp-json\/wp\/v2\/pages\/16112\/revisions\/21512"}],"wp:attachment":[{"href":"https:\/\/oralhistorykosovo.org\/sq\/wp-json\/wp\/v2\/media?parent=16112"}],"curies":[{"name":"wp","href":"https:\/\/api.w.org\/{rel}","templated":true}]}}