{"id":15860,"date":"2019-07-23T08:51:56","date_gmt":"2019-07-23T08:51:56","guid":{"rendered":"http:\/\/oralhistorykosovo.org\/janjevo-project\/"},"modified":"2019-08-07T16:34:37","modified_gmt":"2019-08-07T16:34:37","slug":"janjevo-project","status":"publish","type":"page","link":"https:\/\/oralhistorykosovo.org\/sq\/hulumtime\/janjevo-project\/","title":{"rendered":"Projekti Janjev\u00eb"},"content":{"rendered":"<p style=\"text-align: justify;\"><span style=\"font-weight: 400;\">Historia e vendbanimit t\u00eb Janjev\u00ebs lidhet me tradit\u00ebn minerare t\u00eb Novob\u00ebrd\u00ebs dhe Kopaonikut, t\u00eb cilat kishin depozita t\u00eb plumbit dhe argjendit q\u00eb nxit\u00ebn zhvillimin dhe rritjen ekonomike. Historia e komunitetit kroat n\u00eb Kosov\u00eb daton q\u00eb nga shekulli i XII-t\u00eb. Edhe pse minierat jan\u00eb mbyllur q\u00eb nga shekulli i XVI-t\u00eb, ky komunitet vazhdoi t\u00eb gjej\u00eb dometh\u00ebnie dhe arsye p\u00ebr t\u00eb mbetur aty.\u00a0 E lidhur me qendrat tregtare rajonale, arkitektura e Janjev\u00ebs p\u00ebrb\u00ebhet nga nj\u00eb p\u00ebrzierje e vendbanimeve osmane dhe sht\u00ebpive Austo-Hungareze. Duke realizuar intervista t\u00eb historis\u00eb gojore me pjes\u00ebtar\u00eb t\u00eb komuniteteve t\u00eb ndryshme, ne p\u00ebrpiqemi t\u00eb rrisim kuptueshm\u00ebrin\u00eb e identitetit kulturor dhe ekonomik t\u00eb vendbanimit t\u00eb Janjev\u00ebs.<\/span><\/p>\n<p><span lang=\"EN-GB\">Projekti i Janjev\u00ebs \u00ebsht\u00eb pjes\u00eb e<\/span><span lang=\"EN-GB\">\u00a0projektit\u00a0\u201eDialogu nd\u00ebrmjet komuniteteve p\u00ebrmes ruajtjes gjith\u00ebp\u00ebrfshir\u00ebse t\u00eb trash\u00ebgimis\u00eb kulturore\u201d i financuar nga Instrumenti i Bashkimit Evropian q\u00eb kontribuon p\u00ebr Paqe dhe Stabilitet (IcSP) dhe zbatuar nga Programi p\u00ebr Zhvilim i Kombeve t\u00eb Bashkuara (UNDP) n\u00eb Kosov\u00eb.<\/span><\/p>\n","protected":false},"excerpt":{"rendered":"<p>Historia e vendbanimit t\u00eb Janjev\u00ebs lidhet me tradit\u00ebn minerare t\u00eb Novob\u00ebrd\u00ebs dhe Kopaonikut, t\u00eb cilat kishin depozita t\u00eb plumbit dhe&#8230;<\/p>\n","protected":false},"author":14,"featured_media":0,"parent":237,"menu_order":0,"comment_status":"closed","ping_status":"closed","template":"page-category.php","meta":{"footnotes":""},"class_list":["post-15860","page","type-page","status-publish","hentry"],"_links":{"self":[{"href":"https:\/\/oralhistorykosovo.org\/sq\/wp-json\/wp\/v2\/pages\/15860","targetHints":{"allow":["GET"]}}],"collection":[{"href":"https:\/\/oralhistorykosovo.org\/sq\/wp-json\/wp\/v2\/pages"}],"about":[{"href":"https:\/\/oralhistorykosovo.org\/sq\/wp-json\/wp\/v2\/types\/page"}],"author":[{"embeddable":true,"href":"https:\/\/oralhistorykosovo.org\/sq\/wp-json\/wp\/v2\/users\/14"}],"replies":[{"embeddable":true,"href":"https:\/\/oralhistorykosovo.org\/sq\/wp-json\/wp\/v2\/comments?post=15860"}],"version-history":[{"count":6,"href":"https:\/\/oralhistorykosovo.org\/sq\/wp-json\/wp\/v2\/pages\/15860\/revisions"}],"predecessor-version":[{"id":15948,"href":"https:\/\/oralhistorykosovo.org\/sq\/wp-json\/wp\/v2\/pages\/15860\/revisions\/15948"}],"up":[{"embeddable":true,"href":"https:\/\/oralhistorykosovo.org\/sq\/wp-json\/wp\/v2\/pages\/237"}],"wp:attachment":[{"href":"https:\/\/oralhistorykosovo.org\/sq\/wp-json\/wp\/v2\/media?parent=15860"}],"curies":[{"name":"wp","href":"https:\/\/api.w.org\/{rel}","templated":true}]}}