{"id":15222,"date":"2019-03-07T12:50:29","date_gmt":"2019-03-07T12:50:29","guid":{"rendered":"http:\/\/oralhistorykosovo.org\/pristina-walks\/"},"modified":"2019-08-08T09:21:35","modified_gmt":"2019-08-08T09:21:35","slug":"pristina-walks","status":"publish","type":"page","link":"https:\/\/oralhistorykosovo.org\/sq\/hulumtime\/pristina-walks\/","title":{"rendered":"Projekti Prishtina"},"content":{"rendered":"<p style=\"text-align: justify;\">Hulumtimi mbi Prishtin\u00ebn fokusohet n\u00eb kultur\u00eb, histori dhe arkitektur\u00eb. K\u00ebto dimensione trajtohen p\u00ebrmes rr\u00ebfimeve personale dhe mundohen t\u00eb ofrojn\u00eb nj\u00eb mori narrativash nga perspektiva t\u00eb shumta, duke demokratizuar diskursin publik dhe m\u00ebnyr\u00ebn se si historit\u00eb lokale tregohen. Me an\u00eb t\u00eb tregimtaris\u00eb digjitale duam t&#8217;i v\u00ebjm\u00eb n\u00eb pah shum\u00eb fytyra t\u00eb k\u00ebtij qyteti dhe t\u00eb kontribuojm\u00eb drejt nj\u00eb kuptimi m\u00eb t\u00eb shtres\u00ebzuar t\u00eb zhvillimeve socio-ekonomike dhe urbanistike, duke filluar nga periudha mes dy luft\u00ebrave bot\u00ebrore deri m\u00eb sot.<\/p>\n<p style=\"text-align: justify;\">Projekti Prishtina\u00a0<span lang=\"EN-GB\">\u00ebsht\u00eb pjes\u00eb e<\/span><span lang=\"EN-GB\">\u00a0projektit\u00a0\u201eDialogu nd\u00ebrmjet komuniteteve p\u00ebrmes ruajtjes gjith\u00ebp\u00ebrfshir\u00ebse t\u00eb trash\u00ebgimis\u00eb kulturore\u201d i financuar nga Instrumenti i Bashkimit Evropian q\u00eb kontribuon p\u00ebr Paqe dhe Stabilitet (IcSP) dhe zbatuar nga Programi p\u00ebr Zhvilim i Kombeve t\u00eb Bashkuara (UNDP) n\u00eb Kosov\u00eb.<\/span><\/p>\n","protected":false},"excerpt":{"rendered":"<p>Hulumtimi mbi Prishtin\u00ebn fokusohet n\u00eb kultur\u00eb, histori dhe arkitektur\u00eb. K\u00ebto dimensione trajtohen p\u00ebrmes rr\u00ebfimeve personale dhe mundohen t\u00eb ofrojn\u00eb nj\u00eb&#8230;<\/p>\n","protected":false},"author":14,"featured_media":0,"parent":237,"menu_order":0,"comment_status":"closed","ping_status":"closed","template":"page-category.php","meta":{"footnotes":""},"class_list":["post-15222","page","type-page","status-publish","hentry"],"_links":{"self":[{"href":"https:\/\/oralhistorykosovo.org\/sq\/wp-json\/wp\/v2\/pages\/15222","targetHints":{"allow":["GET"]}}],"collection":[{"href":"https:\/\/oralhistorykosovo.org\/sq\/wp-json\/wp\/v2\/pages"}],"about":[{"href":"https:\/\/oralhistorykosovo.org\/sq\/wp-json\/wp\/v2\/types\/page"}],"author":[{"embeddable":true,"href":"https:\/\/oralhistorykosovo.org\/sq\/wp-json\/wp\/v2\/users\/14"}],"replies":[{"embeddable":true,"href":"https:\/\/oralhistorykosovo.org\/sq\/wp-json\/wp\/v2\/comments?post=15222"}],"version-history":[{"count":9,"href":"https:\/\/oralhistorykosovo.org\/sq\/wp-json\/wp\/v2\/pages\/15222\/revisions"}],"predecessor-version":[{"id":15953,"href":"https:\/\/oralhistorykosovo.org\/sq\/wp-json\/wp\/v2\/pages\/15222\/revisions\/15953"}],"up":[{"embeddable":true,"href":"https:\/\/oralhistorykosovo.org\/sq\/wp-json\/wp\/v2\/pages\/237"}],"wp:attachment":[{"href":"https:\/\/oralhistorykosovo.org\/sq\/wp-json\/wp\/v2\/media?parent=15222"}],"curies":[{"name":"wp","href":"https:\/\/api.w.org\/{rel}","templated":true}]}}