{"id":14810,"date":"2018-11-07T12:26:26","date_gmt":"2018-11-07T12:26:26","guid":{"rendered":"http:\/\/oralhistorykosovo.org\/march-1998-womens-protests\/"},"modified":"2018-11-07T13:30:04","modified_gmt":"2018-11-07T13:30:04","slug":"march-1998-womens-protests","status":"publish","type":"page","link":"https:\/\/oralhistorykosovo.org\/sq\/march-1998-womens-protests\/","title":{"rendered":"Protestat e Grave t\u00eb marsit 1998"},"content":{"rendered":"<p style=\"text-align: justify;\"><span style=\"font-weight: 400;\">Muaji mars i vitit 1998 ishte muaj i protestave t\u00eb shumta. Rrjeti joformal i grave organizoi tet\u00eb nga tremb\u00ebdhjet\u00eb protestat paq\u00ebsore t\u00eb mbajtura n\u00eb at\u00eb muaj, ato erdh\u00ebn si reagim ndaj dhun\u00ebs s\u00eb ushtruar nga regjimi i Millosheviqit n\u00eb Drenic\u00eb. P\u00ebrmes protestave grat\u00eb i b\u00ebnin thirrje bashk\u00ebsis\u00eb nd\u00ebrkomb\u00ebtare t\u00eb nd\u00ebrhynin dhe t\u2019i jepnin fund dhun\u00ebs.\u00a0<\/span><span style=\"font-weight: 400;\">Kjo seri e intervistave harton historin\u00eb e aktivizmit t\u00eb grave n\u00eb sfer\u00ebn publike dhe nxerr n\u00eb pah format e rezistenc\u00ebs dhe pozicionimin politik t\u00eb grave p\u00ebrgjat\u00eb 1998. <\/span><\/p>\n<p style=\"text-align: justify;\"><span style=\"font-weight: 400;\">Intervistat jan\u00eb bashk\u00ebprodhuar n\u00eb partneritet me <a href=\"https:\/\/www.forumzfd.de\/en\/kosovo\">ForumZFD<\/a>, <a href=\"https:\/\/www.facebook.com\/UPGSR\/\">Programi Univerzitar p\u00ebr Studime Gjinore dhe Hulumtim<\/a>, dhe Iniciativ\u00ebs p\u00ebr Histori Gojore. <\/span><\/p>\n","protected":false},"excerpt":{"rendered":"<p>Muaji mars i vitit 1998 ishte muaj i protestave t\u00eb shumta. Rrjeti joformal i grave organizoi tet\u00eb nga tremb\u00ebdhjet\u00eb protestat&#8230;<\/p>\n","protected":false},"author":14,"featured_media":0,"parent":0,"menu_order":0,"comment_status":"closed","ping_status":"closed","template":"page-category.php","meta":{"footnotes":""},"class_list":["post-14810","page","type-page","status-publish","hentry"],"_links":{"self":[{"href":"https:\/\/oralhistorykosovo.org\/sq\/wp-json\/wp\/v2\/pages\/14810","targetHints":{"allow":["GET"]}}],"collection":[{"href":"https:\/\/oralhistorykosovo.org\/sq\/wp-json\/wp\/v2\/pages"}],"about":[{"href":"https:\/\/oralhistorykosovo.org\/sq\/wp-json\/wp\/v2\/types\/page"}],"author":[{"embeddable":true,"href":"https:\/\/oralhistorykosovo.org\/sq\/wp-json\/wp\/v2\/users\/14"}],"replies":[{"embeddable":true,"href":"https:\/\/oralhistorykosovo.org\/sq\/wp-json\/wp\/v2\/comments?post=14810"}],"version-history":[{"count":6,"href":"https:\/\/oralhistorykosovo.org\/sq\/wp-json\/wp\/v2\/pages\/14810\/revisions"}],"predecessor-version":[{"id":14820,"href":"https:\/\/oralhistorykosovo.org\/sq\/wp-json\/wp\/v2\/pages\/14810\/revisions\/14820"}],"wp:attachment":[{"href":"https:\/\/oralhistorykosovo.org\/sq\/wp-json\/wp\/v2\/media?parent=14810"}],"curies":[{"name":"wp","href":"https:\/\/api.w.org\/{rel}","templated":true}]}}