{"id":13651,"date":"2018-04-16T15:37:18","date_gmt":"2018-04-16T15:37:18","guid":{"rendered":"http:\/\/oralhistorykosovo.org\/prizren-urban-memoryscapes\/"},"modified":"2018-10-17T18:56:03","modified_gmt":"2018-10-17T18:56:03","slug":"prizren-urban-memoryscapes","status":"publish","type":"page","link":"https:\/\/oralhistorykosovo.org\/sq\/prizren-urban-memoryscapes\/","title":{"rendered":"Prizren Urban Memoryscapes"},"content":{"rendered":"<p style=\"text-align: justify;\"><span style=\"font-weight: 400;\">Urban Memoryscapes \u00ebsht\u00eb projekt nd\u00ebrdisiplinar i realizuar n\u00eb bashk\u00ebpunim mes Fondacionit Lumbardhi dhe Iniciativ\u00ebs p\u00ebr Histori Gojore. Projekti p\u00ebrfshin hulutmimin, arkivimin dhe ekspozimin me fokus n\u00eb historin\u00eb shoq\u00ebrore, kulturore dhe ekonomike t\u00eb Prizrenit n\u00eb pjes\u00ebn e dyt\u00eb t\u00eb shekullit XX.\u00a0<\/span><span style=\"font-weight: 400;\">P\u00ebrmes k\u00ebtij projekti, dhjet\u00eb pjes\u00ebmarr\u00ebs do t\u00eb fitojn\u00eb aft\u00ebsi p\u00ebr ta dokumentuar t\u00eb kaluar\u00ebn dhe t\u00eb nd\u00ebrveprojn\u00eb me t\u00eb dh\u00ebnat e mbledhura p\u00ebr ta formuar nj\u00eb arkiv digjital, nj\u00eb ekspozit\u00eb online dhe offline, nj\u00eb publikim dhe mbi t\u00eb gjitha njohuri p\u00ebr komunitetet e tyre, duke qen\u00eb t\u00eb p\u00ebrfshir\u00eb n\u00eb nj\u00eb proces t\u00eb t\u00eb m\u00ebsuarit rreth nj\u00eb periudhe kritike q\u00eb ka qen\u00eb formative p\u00ebr identitetin kulturor dhe urban t\u00eb qytetit t\u00eb Prizrenit dhe banor\u00ebve t\u00eb tij. <\/span><\/p>\n<p style=\"text-align: justify;\"><span style=\"font-weight: 400;\">Ky projekt \u00ebsht\u00eb mund\u00ebsuar me mb\u00ebshtetjen e <a href=\"https:\/\/www.institutfrancais.de\/kultur\/gesellschaft-digitales\/der-deutsch-franzoesische-kulturfonds\">Fondit Kulturor Franko-Gjerman<\/a> dhe <a href=\"https:\/\/kosovo.ambafrance.org\/\">ambasad\u00ebs Franceze<\/a> dhe <a href=\"https:\/\/pristina.diplo.de\/\">Gjermane<\/a>. <\/span><\/p>\n","protected":false},"excerpt":{"rendered":"<p>Urban Memoryscapes \u00ebsht\u00eb projekt nd\u00ebrdisiplinar i realizuar n\u00eb bashk\u00ebpunim mes Fondacionit Lumbardhi dhe Iniciativ\u00ebs p\u00ebr Histori Gojore. Projekti p\u00ebrfshin hulutmimin,&#8230;<\/p>\n","protected":false},"author":14,"featured_media":0,"parent":0,"menu_order":0,"comment_status":"closed","ping_status":"closed","template":"page-category.php","meta":{"footnotes":""},"class_list":["post-13651","page","type-page","status-publish","hentry"],"_links":{"self":[{"href":"https:\/\/oralhistorykosovo.org\/sq\/wp-json\/wp\/v2\/pages\/13651","targetHints":{"allow":["GET"]}}],"collection":[{"href":"https:\/\/oralhistorykosovo.org\/sq\/wp-json\/wp\/v2\/pages"}],"about":[{"href":"https:\/\/oralhistorykosovo.org\/sq\/wp-json\/wp\/v2\/types\/page"}],"author":[{"embeddable":true,"href":"https:\/\/oralhistorykosovo.org\/sq\/wp-json\/wp\/v2\/users\/14"}],"replies":[{"embeddable":true,"href":"https:\/\/oralhistorykosovo.org\/sq\/wp-json\/wp\/v2\/comments?post=13651"}],"version-history":[{"count":10,"href":"https:\/\/oralhistorykosovo.org\/sq\/wp-json\/wp\/v2\/pages\/13651\/revisions"}],"predecessor-version":[{"id":14761,"href":"https:\/\/oralhistorykosovo.org\/sq\/wp-json\/wp\/v2\/pages\/13651\/revisions\/14761"}],"wp:attachment":[{"href":"https:\/\/oralhistorykosovo.org\/sq\/wp-json\/wp\/v2\/media?parent=13651"}],"curies":[{"name":"wp","href":"https:\/\/api.w.org\/{rel}","templated":true}]}}