{"id":12353,"date":"2018-02-12T17:21:23","date_gmt":"2018-02-12T17:21:23","guid":{"rendered":"http:\/\/oralhistorykosovo.org\/?page_id=12353"},"modified":"2018-02-15T22:26:25","modified_gmt":"2018-02-15T22:26:25","slug":"dita-e-pavaresise","status":"publish","type":"page","link":"https:\/\/oralhistorykosovo.org\/sq\/dita-e-pavaresise\/","title":{"rendered":"Dita e pavar\u00ebsis\u00eb"},"content":{"rendered":"<p style=\"text-align: justify;\">Biseduam me 15 njer\u00ebz me prapavi, gjini dhe mosh\u00eb t\u00eb ndryshme rreth asaj se si ata e kujtojn\u00eb Dit\u00ebn e Pavar\u00ebsis\u00eb. Disa e kujtuan k\u00ebnaq\u00ebsin\u00eb e fest\u00ebs n\u00eb temperatur\u00eb n\u00ebn zero, si e t\u00ebra kishte pasur ndjesi sureale, p\u00ebrderisa t\u00eb tjer\u00ebt fol\u00ebn p\u00ebr ndjenj\u00ebn e frik\u00ebs se \u00e7far\u00eb do t\u00eb mund t\u2019u ndodhte komuniteteve t\u00eb tyre pasi q\u00eb nuk ishin shqiptar. Shum\u00eb prej tyre u konfrontuan me emocione t\u00eb nd\u00ebrlikuara, njikoh\u00ebsisht t\u00eb pik\u00ebllimit dhe lumturis\u00eb pasi q\u00eb pavar\u00ebsia kishte ardhur me nj\u00eb \u00e7mim t\u00eb lart\u00eb n\u00eb njer\u00ebz. Nj\u00eb tjet\u00ebr na tregoi q\u00eb jo secili iu k\u00ebnaq asaj dite pasi q\u00eb veriu i Kosov\u00ebs, <em>de facto<\/em>, mbeti i ndar\u00eb.<\/p>\n<p style=\"text-align: justify;\">Projekti \u00ebsht\u00eb bashk\u00ebpunim n\u00eb mes t\u00eb\u00a0<a href=\"http:\/\/prishtinainsight.com\/\">Prishtina Insight<\/a> dhe\u00a0<a href=\"http:\/\/oralhistorykosovo.org\/\">Oral History Initiative<\/a><\/p>\n","protected":false},"excerpt":{"rendered":"<p>Biseduam me 15 njer\u00ebz me prapavi, gjini dhe mosh\u00eb t\u00eb ndryshme rreth asaj se si ata e kujtojn\u00eb Dit\u00ebn e&#8230;<\/p>\n","protected":false},"author":14,"featured_media":0,"parent":0,"menu_order":0,"comment_status":"closed","ping_status":"closed","template":"page-category.php","meta":{"footnotes":""},"class_list":["post-12353","page","type-page","status-publish","hentry"],"_links":{"self":[{"href":"https:\/\/oralhistorykosovo.org\/sq\/wp-json\/wp\/v2\/pages\/12353","targetHints":{"allow":["GET"]}}],"collection":[{"href":"https:\/\/oralhistorykosovo.org\/sq\/wp-json\/wp\/v2\/pages"}],"about":[{"href":"https:\/\/oralhistorykosovo.org\/sq\/wp-json\/wp\/v2\/types\/page"}],"author":[{"embeddable":true,"href":"https:\/\/oralhistorykosovo.org\/sq\/wp-json\/wp\/v2\/users\/14"}],"replies":[{"embeddable":true,"href":"https:\/\/oralhistorykosovo.org\/sq\/wp-json\/wp\/v2\/comments?post=12353"}],"version-history":[{"count":12,"href":"https:\/\/oralhistorykosovo.org\/sq\/wp-json\/wp\/v2\/pages\/12353\/revisions"}],"predecessor-version":[{"id":12774,"href":"https:\/\/oralhistorykosovo.org\/sq\/wp-json\/wp\/v2\/pages\/12353\/revisions\/12774"}],"wp:attachment":[{"href":"https:\/\/oralhistorykosovo.org\/sq\/wp-json\/wp\/v2\/media?parent=12353"}],"curies":[{"name":"wp","href":"https:\/\/api.w.org\/{rel}","templated":true}]}}