{"id":11277,"date":"2017-10-10T19:55:58","date_gmt":"2017-10-10T19:55:58","guid":{"rendered":"http:\/\/oralhistorykosovo.org\/?page_id=11277\/"},"modified":"2017-11-04T21:08:16","modified_gmt":"2017-11-04T21:08:16","slug":"te-huajt-2","status":"publish","type":"page","link":"https:\/\/oralhistorykosovo.org\/sq\/hulumtime\/te-huajt-2\/","title":{"rendered":"&#8220;T\u00eb Huajt&#8221;"},"content":{"rendered":"<p style=\"text-align: justify;\">U nis\u00ebm nga nocioni i t\u00eb &#8220;huajit&#8221; nga George Simmel &#8220;i cili vjen sot dhe q\u00ebndron nes\u00ebr&#8221;, k\u00ebrkuesi potencial, i cili, &#8220;edhepse nuk ka shkuar tutje, nuk e ka lirin\u00eb e plot\u00eb e t\u00eb shkuarit dhe q\u00ebndruarit&#8221; &#8211; p\u00ebr t&#8217;i identifikuar m\u00eb mir\u00eb k\u00ebta vendas t\u00eb shteteve tjera t\u00eb cil\u00ebt erdh\u00ebn n\u00eb Kosov\u00eb posa\u00e7\u00ebrisht pas 1999, dhe jetuan n\u00eb Kosov\u00eb p\u00ebr nj\u00eb koh\u00eb t\u00eb gjat\u00eb, dhe jetojn\u00eb tani n\u00eb Kosov\u00eb. Ata jan\u00eb zyrtar\u00eb t\u00eb institucioneve nd\u00ebrkomb\u00ebtare, t\u00eb pun\u00ebsuar n\u00eb\u00a0organizata jo-qeveritare, njer\u00ebz nga biznesi, gazetar\u00eb, m\u00ebsues, etj. Ata njihen si &#8220;nd\u00ebrkomb\u00ebtar\u00ebt&#8221;. Ata nuk jan\u00eb thjesht\u00eb t\u00eb huaj, ata jan\u00eb pjes\u00eb e vet\u00eb\u00a0Kosov\u00ebs: ata marrin pjes\u00eb n\u00eb jet\u00ebn\u00a0e vendit n\u00eb fusha t\u00eb ndryshme dhe n\u00eb pozicione t\u00eb ndryshme t\u00eb pushtetit, dhe ata poashtu jan\u00eb bashk\u00ebprodhues, s\u00eb bashku\u00a0me kosovar\u00ebt, t\u00eb nj\u00eb hap\u00ebsire transnacionale e cila\u00a0\u00ebsht\u00eb kulturore, shoq\u00ebrore dhe politike. Me fjal\u00ebt e Simmelit, ata jan\u00eb ndryshe nga &#8220;armiqt\u00eb e brendsh\u00ebm&#8221;, pjes\u00ebmarrja\u00a0e t\u00eb cil\u00ebve p\u00ebrbrenda shoq\u00ebris\u00eb kosovare n\u00ebnkupton t\u00eb dyja, t\u00eb qenit jasht\u00eb saj dhe konfrontuarit me t\u00eb. Duke i mbledhur historit\u00eb e tyre jet\u00ebsore, kemi p\u00ebr q\u00ebllim t\u00eb v\u00ebjm\u00eb n\u00eb pah k\u00ebt\u00eb status t\u00eb komplikuar brenda\/jasht\u00eb dhe \u00e7far\u00eb e konstrukton k\u00ebt\u00eb vij\u00eb ndar\u00ebse.<\/p>\n","protected":false},"excerpt":{"rendered":"<p>U nis\u00ebm nga nocioni i t\u00eb &#8220;huajit&#8221; nga George Simmel &#8220;i cili vjen sot dhe q\u00ebndron nes\u00ebr&#8221;, k\u00ebrkuesi potencial, i&#8230;<\/p>\n","protected":false},"author":14,"featured_media":0,"parent":237,"menu_order":0,"comment_status":"closed","ping_status":"closed","template":"page-category.php","meta":{"footnotes":""},"class_list":["post-11277","page","type-page","status-publish","hentry"],"_links":{"self":[{"href":"https:\/\/oralhistorykosovo.org\/sq\/wp-json\/wp\/v2\/pages\/11277","targetHints":{"allow":["GET"]}}],"collection":[{"href":"https:\/\/oralhistorykosovo.org\/sq\/wp-json\/wp\/v2\/pages"}],"about":[{"href":"https:\/\/oralhistorykosovo.org\/sq\/wp-json\/wp\/v2\/types\/page"}],"author":[{"embeddable":true,"href":"https:\/\/oralhistorykosovo.org\/sq\/wp-json\/wp\/v2\/users\/14"}],"replies":[{"embeddable":true,"href":"https:\/\/oralhistorykosovo.org\/sq\/wp-json\/wp\/v2\/comments?post=11277"}],"version-history":[{"count":13,"href":"https:\/\/oralhistorykosovo.org\/sq\/wp-json\/wp\/v2\/pages\/11277\/revisions"}],"predecessor-version":[{"id":11709,"href":"https:\/\/oralhistorykosovo.org\/sq\/wp-json\/wp\/v2\/pages\/11277\/revisions\/11709"}],"up":[{"embeddable":true,"href":"https:\/\/oralhistorykosovo.org\/sq\/wp-json\/wp\/v2\/pages\/237"}],"wp:attachment":[{"href":"https:\/\/oralhistorykosovo.org\/sq\/wp-json\/wp\/v2\/media?parent=11277"}],"curies":[{"name":"wp","href":"https:\/\/api.w.org\/{rel}","templated":true}]}}