{"id":10650,"date":"2017-07-12T12:22:51","date_gmt":"2017-07-12T12:22:51","guid":{"rendered":"http:\/\/oralhistorykosovo.org\/post-pessimist\/"},"modified":"2017-11-04T21:05:49","modified_gmt":"2017-11-04T21:05:49","slug":"post-pessimist","status":"publish","type":"page","link":"https:\/\/oralhistorykosovo.org\/sq\/hulumtime\/post-pessimist\/","title":{"rendered":"PostPesimist\u00ebt"},"content":{"rendered":"<p style=\"text-align: justify;\"><span style=\"font-weight: 400;\">P\u00ebrmes k\u00ebtij hulumtimi, Iniciativa p\u00ebr Histori Gojore do t\u00eb dokumentoj\u00eb pun\u00ebn e PostPesimist\u00ebt, nj\u00eb grup rinor kulturor aktiv nga viti 1995 deri n\u00eb vitin 2003. Kjo shoqat\u00eb u financua nga nj\u00eb organizat\u00eb norvegjeze dhe ishte pjes\u00eb e nj\u00eb rrjeti m\u00eb t\u00eb gjer\u00eb q\u00eb operonte n\u00ebn po t\u00eb nj\u00ebjtin em\u00ebr n\u00eb Bosnj\u00eb dhe Hercegovin\u00eb, Serbi dhe Kroaci.\u00a0<\/span><span style=\"font-weight: 400;\">PostPesimist\u00ebt n\u00eb Kosov\u00eb kryesisht ka mbledhur njer\u00ebz nga gjimnazi \u201cXhevdet Doda\u201d n\u00eb Prishtin\u00eb, nx\u00ebn\u00ebsit e t\u00eb cilit kishin ende mund\u00ebsi t\u00eb ndiqnin m\u00ebsimin n\u00eb nd\u00ebrtes\u00ebn e shkoll\u00ebs p\u00ebrgjat\u00eb regjimit t\u00eb Milloshevi\u00e7it, nd\u00ebrkoh\u00eb q\u00eb shumic\u00ebs s\u00eb t\u00eb rinj\u00ebve shqiptar\u00eb iu desh t\u00eb mb\u00ebshteten n\u00eb edukimin e kryer n\u00eb sht\u00ebpi, n\u00ebn t\u00eb ashtuquajturin sistem paralel t\u00eb edukimit.\u00a0\u00a0<\/span>PostPesimist\u00ebt ka organizuar mbr\u00ebmje kulturore p\u00ebr rini, poashtu pun\u00ebtori t\u00eb ndryshme p\u00ebr fotograf dhe gazetari. Por aktiviteti i tyre kryesor ishte publikimi i nj\u00eb reviste n\u00ebn t\u00eb nj\u00ebjtin em\u00ebr dhe shp\u00ebrndarja e saj tek t\u00eb rinjt\u00eb. Revista Post Pesimist\u00ebt m\u00eb von\u00eb u b\u00eb shtojc\u00eb e s\u00eb at\u00ebhershmes Koha Javore.<\/p>\n","protected":false},"excerpt":{"rendered":"<p>P\u00ebrmes k\u00ebtij hulumtimi, Iniciativa p\u00ebr Histori Gojore do t\u00eb dokumentoj\u00eb pun\u00ebn e PostPesimist\u00ebt, nj\u00eb grup rinor kulturor aktiv nga viti&#8230;<\/p>\n","protected":false},"author":14,"featured_media":0,"parent":237,"menu_order":0,"comment_status":"closed","ping_status":"closed","template":"page-category.php","meta":{"footnotes":""},"class_list":["post-10650","page","type-page","status-publish","hentry"],"_links":{"self":[{"href":"https:\/\/oralhistorykosovo.org\/sq\/wp-json\/wp\/v2\/pages\/10650","targetHints":{"allow":["GET"]}}],"collection":[{"href":"https:\/\/oralhistorykosovo.org\/sq\/wp-json\/wp\/v2\/pages"}],"about":[{"href":"https:\/\/oralhistorykosovo.org\/sq\/wp-json\/wp\/v2\/types\/page"}],"author":[{"embeddable":true,"href":"https:\/\/oralhistorykosovo.org\/sq\/wp-json\/wp\/v2\/users\/14"}],"replies":[{"embeddable":true,"href":"https:\/\/oralhistorykosovo.org\/sq\/wp-json\/wp\/v2\/comments?post=10650"}],"version-history":[{"count":6,"href":"https:\/\/oralhistorykosovo.org\/sq\/wp-json\/wp\/v2\/pages\/10650\/revisions"}],"predecessor-version":[{"id":11702,"href":"https:\/\/oralhistorykosovo.org\/sq\/wp-json\/wp\/v2\/pages\/10650\/revisions\/11702"}],"up":[{"embeddable":true,"href":"https:\/\/oralhistorykosovo.org\/sq\/wp-json\/wp\/v2\/pages\/237"}],"wp:attachment":[{"href":"https:\/\/oralhistorykosovo.org\/sq\/wp-json\/wp\/v2\/media?parent=10650"}],"curies":[{"name":"wp","href":"https:\/\/api.w.org\/{rel}","templated":true}]}}