{"id":1023,"date":"2016-04-05T10:25:02","date_gmt":"2016-04-05T10:25:02","guid":{"rendered":"http:\/\/oralhistorykosovo.org\/sq\/hulumtime\/kosovo-artist\/"},"modified":"2017-11-04T21:09:46","modified_gmt":"2017-11-04T21:09:46","slug":"kosovo-artist","status":"publish","type":"page","link":"https:\/\/oralhistorykosovo.org\/sq\/hulumtime\/kosovo-artist\/","title":{"rendered":"Artist\u00ebt Kosovar\u00eb"},"content":{"rendered":"<p style=\"text-align: justify;\"><span style=\"font-weight: 400;\">Hulumtimi mbi Kosov\u00ebn p\u00ebrmes artist\u00ebve kreativ t\u00eb saj, synon t\u00eb p\u00ebrmbledh\u00eb tregimet e jet\u00ebs s\u00eb personaliteteve t\u00eb ndryshme nga fusha e let\u00ebrsis\u00eb, artit pamor, kinemas\u00eb dhe teatrit. D\u00ebshmit\u00eb nxerrin n\u00eb pah <\/span><span style=\"font-weight: 400;\">diferencimet dhe pik\u00ebtakimet gjuh\u00ebsore<\/span><span style=\"font-weight: 400;\">, duke dh\u00ebn\u00eb nj\u00eb pasqyrim unik mbi luft\u00ebn e gjeneratave t\u00eb ndryshme t\u00eb artist\u00ebve, t\u00eb cil\u00ebve u \u00ebsht\u00eb dashur t\u00eb ballafaqohen n\u00eb m\u00ebnyr\u00eb q\u00eb t\u00eb dalin n\u00eb sken\u00ebn publike.<\/span><\/p>\n","protected":false},"excerpt":{"rendered":"<p>Hulumtimi mbi Kosov\u00ebn p\u00ebrmes artist\u00ebve kreativ t\u00eb saj, synon t\u00eb p\u00ebrmbledh\u00eb tregimet e jet\u00ebs s\u00eb personaliteteve t\u00eb ndryshme nga fusha&#8230;<\/p>\n","protected":false},"author":7,"featured_media":0,"parent":237,"menu_order":0,"comment_status":"closed","ping_status":"closed","template":"page-category.php","meta":{"footnotes":""},"class_list":["post-1023","page","type-page","status-publish","hentry"],"_links":{"self":[{"href":"https:\/\/oralhistorykosovo.org\/sq\/wp-json\/wp\/v2\/pages\/1023","targetHints":{"allow":["GET"]}}],"collection":[{"href":"https:\/\/oralhistorykosovo.org\/sq\/wp-json\/wp\/v2\/pages"}],"about":[{"href":"https:\/\/oralhistorykosovo.org\/sq\/wp-json\/wp\/v2\/types\/page"}],"author":[{"embeddable":true,"href":"https:\/\/oralhistorykosovo.org\/sq\/wp-json\/wp\/v2\/users\/7"}],"replies":[{"embeddable":true,"href":"https:\/\/oralhistorykosovo.org\/sq\/wp-json\/wp\/v2\/comments?post=1023"}],"version-history":[{"count":9,"href":"https:\/\/oralhistorykosovo.org\/sq\/wp-json\/wp\/v2\/pages\/1023\/revisions"}],"predecessor-version":[{"id":11712,"href":"https:\/\/oralhistorykosovo.org\/sq\/wp-json\/wp\/v2\/pages\/1023\/revisions\/11712"}],"up":[{"embeddable":true,"href":"https:\/\/oralhistorykosovo.org\/sq\/wp-json\/wp\/v2\/pages\/237"}],"wp:attachment":[{"href":"https:\/\/oralhistorykosovo.org\/sq\/wp-json\/wp\/v2\/media?parent=1023"}],"curies":[{"name":"wp","href":"https:\/\/api.w.org\/{rel}","templated":true}]}}