{"id":1001,"date":"2016-04-05T10:12:42","date_gmt":"2016-04-05T10:12:42","guid":{"rendered":"http:\/\/oralhistorykosovo.org\/sq\/hulumtime\/women-activist\/"},"modified":"2019-08-25T12:27:57","modified_gmt":"2019-08-25T12:27:57","slug":"women-activist","status":"publish","type":"page","link":"https:\/\/oralhistorykosovo.org\/sq\/hulumtime\/women-activist\/","title":{"rendered":"Historia gojore e aktivizmit t\u00eb grave"},"content":{"rendered":"<p style=\"text-align: justify;\"><span style=\"font-weight: 400;\">Historit\u00eb gojore t\u00eb grave aktiviste ofron nj\u00eb hap\u00ebsir\u00eb t\u00eb ve\u00e7ant\u00eb q\u00eb jep dukshm\u00ebri dhe q\u00ebndrueshm\u00ebri historis\u00eb s\u00eb subjektivitetit t\u00eb grave q\u00eb n\u00eb vazhdim\u00ebsi, n\u00ebse jo e harruar, s\u00eb paku ishte margjinalizuar. Qoft\u00eb t\u00eb angazhuara n\u00eb protesta kund\u00ebr okupator\u00ebve gjat\u00eb Luft\u00ebs s\u00eb Dyt\u00eb Bot\u00ebrore, n\u00eb kampanj\u00ebn p\u00ebr heqjen e shamis\u00eb, n\u00eb luft\u00ebn kund\u00ebr analfabetizmit t\u00eb grave, t\u00eb angazhuara n\u00eb l\u00ebvizjen nacionaliste, n\u00eb rezitenc\u00eb kund\u00ebr Milosheviqit dhe n\u00eb luft\u00eb p\u00ebr t\u00eb drejtat e grave p\u00ebrtej ndasive etnike, grat\u00eb tregojn\u00eb tregime presonale t\u00eb fuqishme q\u00eb kryq\u00ebzohen me ngjarjet e m\u00ebdha historike t\u00eb koh\u00ebs.<\/span><\/p>\n","protected":false},"excerpt":{"rendered":"<p>Historit\u00eb gojore t\u00eb grave aktiviste ofron nj\u00eb hap\u00ebsir\u00eb t\u00eb ve\u00e7ant\u00eb q\u00eb jep dukshm\u00ebri dhe q\u00ebndrueshm\u00ebri historis\u00eb s\u00eb subjektivitetit t\u00eb grave&#8230;<\/p>\n","protected":false},"author":7,"featured_media":256,"parent":237,"menu_order":0,"comment_status":"closed","ping_status":"closed","template":"page-category.php","meta":{"footnotes":""},"class_list":["post-1001","page","type-page","status-publish","has-post-thumbnail","hentry"],"_links":{"self":[{"href":"https:\/\/oralhistorykosovo.org\/sq\/wp-json\/wp\/v2\/pages\/1001","targetHints":{"allow":["GET"]}}],"collection":[{"href":"https:\/\/oralhistorykosovo.org\/sq\/wp-json\/wp\/v2\/pages"}],"about":[{"href":"https:\/\/oralhistorykosovo.org\/sq\/wp-json\/wp\/v2\/types\/page"}],"author":[{"embeddable":true,"href":"https:\/\/oralhistorykosovo.org\/sq\/wp-json\/wp\/v2\/users\/7"}],"replies":[{"embeddable":true,"href":"https:\/\/oralhistorykosovo.org\/sq\/wp-json\/wp\/v2\/comments?post=1001"}],"version-history":[{"count":13,"href":"https:\/\/oralhistorykosovo.org\/sq\/wp-json\/wp\/v2\/pages\/1001\/revisions"}],"predecessor-version":[{"id":16053,"href":"https:\/\/oralhistorykosovo.org\/sq\/wp-json\/wp\/v2\/pages\/1001\/revisions\/16053"}],"up":[{"embeddable":true,"href":"https:\/\/oralhistorykosovo.org\/sq\/wp-json\/wp\/v2\/pages\/237"}],"wp:featuredmedia":[{"embeddable":true,"href":"https:\/\/oralhistorykosovo.org\/sq\/wp-json\/wp\/v2\/media\/256"}],"wp:attachment":[{"href":"https:\/\/oralhistorykosovo.org\/sq\/wp-json\/wp\/v2\/media?parent=1001"}],"curies":[{"name":"wp","href":"https:\/\/api.w.org\/{rel}","templated":true}]}}